{"id":7,"date":"2022-12-01T10:05:57","date_gmt":"2022-12-01T10:05:57","guid":{"rendered":"https:\/\/gemeloonline.es\/?page_id=7"},"modified":"2025-07-02T09:09:08","modified_gmt":"2025-07-02T09:09:08","slug":"pizzaiolo-chiclana-2","status":"publish","type":"page","link":"https:\/\/pizzaioloscoffee.com\/en\/","title":{"rendered":"home"},"content":{"rendered":"<p>[et_pb_section fb_built=\u00bb1&#8243; custom_padding_last_edited=\u00bboff|desktop\u00bb admin_label=\u00bbHeader\u00bb _builder_version=\u00bb4.20.1&#8243; background_color=\u00bbrgba(0,0,0,0.66)\u00bb background_image=\u00bbhttps:\/\/gemeloonline.es\/wp-content\/uploads\/2022\/12\/fondo-pizzaiolo-01.png\u00bb background_blend=\u00bboverlay\u00bb background_enable_mask_style=\u00bbon\u00bb background_mask_style=\u00bbcorner-lake\u00bb background_mask_color=\u00bb#212121&#8243; background_mask_transform=\u00bbinvert|flip_vertical|flip_horizontal|rotate_90_degree\u00bb custom_padding=\u00bb5vw|65px|54px||false|false\u00bb custom_padding_tablet=\u00bb50px||50px||true|false\u00bb custom_padding_phone=\u00bb30px||30px||true|false\u00bb locked=\u00bboff\u00bb global_colors_info=\u00bb{}\u00bb][et_pb_row column_structure=\u00bb1_2,1_2&#8243; _builder_version=\u00bb4.16&#8243; custom_margin=\u00bb-19px|auto||auto||\u00bb global_colors_info=\u00bb{}\u00bb][et_pb_column type=\u00bb1_2&#8243; _builder_version=\u00bb4.16&#8243; custom_padding=\u00bb||||false|false\u00bb custom_padding_tablet=\u00bb||||false|false\u00bb custom_padding_phone=\u00bb|55%|||false|false\u00bb custom_padding_last_edited=\u00bboff|tablet\u00bb global_colors_info=\u00bb{}\u00bb][et_pb_text _builder_version=\u00bb4.20.1&#8243; text_font_size=\u00bb32px\u00bb text_line_height=\u00bb1.6em\u00bb header_font=\u00bbMontserrat|800|||||||\u00bb header_text_color=\u00bb#FFFFFF\u00bb header_font_size=\u00bb88px\u00bb header_line_height=\u00bb1.2em\u00bb custom_margin=\u00bb||17px|||\u00bb header_font_size_tablet=\u00bb40px\u00bb header_font_size_phone=\u00bb30px\u00bb header_font_size_last_edited=\u00bbon|phone\u00bb global_colors_info=\u00bb{}\u00bb]<\/p>\n<h1>Pizzas hechas<\/h1>\n<h1>al horno de le\u00f1a<\/h1>\n<p>[\/et_pb_text][et_pb_text _builder_version=\u00bb4.20.1&#8243; text_font=\u00bbMontserrat|300|on||||||\u00bb text_text_color=\u00bb#FFFFFF\u00bb text_font_size=\u00bb16px\u00bb text_line_height=\u00bb2.2em\u00bb custom_margin=\u00bb||13px|||\u00bb text_font_size_tablet=\u00bb14px\u00bb text_font_size_phone=\u00bb\u00bb text_font_size_last_edited=\u00bbon|phone\u00bb global_colors_info=\u00bb{}\u00bb]<\/p>\n<p><b>En Chiclana de la Frontera (C\u00e1diz), Pizzaiolo&#8217;s Coffee te trae la mejor gastronom\u00eda italiana con una gran variedad de pizzas elaboradas de forma totalmente artesanal.<\/b><\/p>\n<p>[\/et_pb_text][et_pb_divider show_divider=\u00bboff\u00bb _builder_version=\u00bb4.20.1&#8243; _module_preset=\u00bbdefault\u00bb width=\u00bb28%\u00bb max_width=\u00bb25%\u00bb min_height=\u00bb100px\u00bb custom_margin=\u00bb-17px||||false|false\u00bb global_colors_info=\u00bb{}\u00bb][\/et_pb_divider][\/et_pb_column][et_pb_column type=\u00bb1_2&#8243; _builder_version=\u00bb4.16&#8243; global_colors_info=\u00bb{}\u00bb][et_pb_image src=\u00bbhttps:\/\/pizzaioloscoffee.com\/wp-content\/uploads\/2023\/05\/Pizza-masa-madre.png\u00bb title_text=\u00bbPizza masa madre\u00bb _builder_version=\u00bb4.21.0&#8243; z_index=\u00bb1&#8243; max_width_tablet=\u00bb80%\u00bb max_width_phone=\u00bb80%\u00bb max_width_last_edited=\u00bbon|phone\u00bb custom_margin=\u00bb-11.9%|-233px||0%|false|false\u00bb custom_margin_tablet=\u00bb-30%|||0%|false|false\u00bb custom_margin_phone=\u00bb\u00bb custom_margin_last_edited=\u00bbon|phone\u00bb custom_padding=\u00bb|0px||0px||\u00bb scroll_rotating_enable=\u00bbon\u00bb scroll_rotating=\u00bb0|0|0|100|0\u00b0|0|-20\u00b0\u00bb locked=\u00bboff\u00bb global_colors_info=\u00bb{}\u00bb][\/et_pb_image][\/et_pb_column][\/et_pb_row][\/et_pb_section][et_pb_section fb_built=\u00bb1&#8243; make_equal=\u00bbon\u00bb use_custom_gutter=\u00bbon\u00bb gutter_width=\u00bb2&#8243; specialty=\u00bbon\u00bb bg_img_2=\u00bbhttps:\/\/gemeloonline.es\/wp-content\/uploads\/2022\/12\/spice-shop-03.jpg\u00bb padding_top_2=\u00bb40px\u00bb padding_right_2=\u00bb20px\u00bb padding_bottom_2=\u00bb40px\u00bb padding_left_2=\u00bb20px\u00bb padding_top_bottom_link_1=\u00bbfalse\u00bb padding_top_bottom_link_2=\u00bbtrue\u00bb padding_left_right_link_1=\u00bbfalse\u00bb padding_left_right_link_2=\u00bbtrue\u00bb admin_label=\u00bbCTAs\u00bb _builder_version=\u00bb4.20.1&#8243; background_color=\u00bb#FFFFFF\u00bb custom_padding=\u00bb||30px|||\u00bb global_colors_info=\u00bb{}\u00bb][et_pb_column type=\u00bb2_3&#8243; specialty_columns=\u00bb2&#8243; _builder_version=\u00bb4.16&#8243; custom_padding=\u00bb|||\u00bb global_colors_info=\u00bb{}\u00bb custom_padding__hover=\u00bb|||\u00bb][et_pb_row_inner column_structure=\u00bb1_2,1_2&#8243; make_equal=\u00bbon\u00bb _builder_version=\u00bb4.20.1&#8243; background_color=\u00bbRGBA(255,255,255,0)\u00bb background_enable_image=\u00bboff\u00bb custom_margin=\u00bb||||false|false\u00bb custom_padding=\u00bb0px||0px||true|false\u00bb locked=\u00bboff\u00bb global_colors_info=\u00bb{}\u00bb][et_pb_column_inner type=\u00bb1_2&#8243; saved_specialty_column_type=\u00bb2_3&#8243; _builder_version=\u00bb4.16&#8243; custom_padding=\u00bb40px||40px|20px|true|false\u00bb custom_padding_tablet=\u00bb|20px|40px|20px|false|true\u00bb custom_padding_phone=\u00bb||||false|false\u00bb custom_padding_last_edited=\u00bbon|tablet\u00bb global_colors_info=\u00bb{}\u00bb][et_pb_text _builder_version=\u00bb4.20.1&#8243; header_3_font=\u00bbMontserrat|800|||||||\u00bb header_3_font_size=\u00bb30px\u00bb header_3_line_height=\u00bb1.2em\u00bb background_color=\u00bbRGBA(255,255,255,0)\u00bb header_3_font_size_tablet=\u00bb25px\u00bb header_3_font_size_phone=\u00bb20px\u00bb header_3_font_size_last_edited=\u00bbon|phone\u00bb locked=\u00bboff\u00bb global_colors_info=\u00bb{}\u00bb]<\/p>\n<h3>Sabor a le\u00f1a&#8230;<\/h3>\n<p>Realiza tu encargo para llevar o ven a disfrutar del aut\u00e9ntico sabor italiano al horno de le\u00f1a en Chiclana.<\/p>\n<p>[\/et_pb_text][et_pb_button button_url=\u00bbhttps:\/\/pizzaioloscoffee.com\/wp-content\/uploads\/2025\/07\/cartapizzaiolo.pdf\u00bb url_new_window=\u00bbon\u00bb button_text=\u00bbCarta\u00bb _builder_version=\u00bb4.27.2&#8243; custom_button=\u00bbon\u00bb button_text_size=\u00bb16px\u00bb button_text_color=\u00bb#ffffff\u00bb button_bg_color=\u00bb#000000&#8243; button_border_width=\u00bb0px\u00bb button_border_radius=\u00bb0px\u00bb button_letter_spacing=\u00bb2px\u00bb button_font=\u00bb|700||on|||||\u00bb button_use_icon=\u00bboff\u00bb custom_margin=\u00bb30px||||false|false\u00bb custom_margin_phone=\u00bb||60px||false|false\u00bb custom_margin_last_edited=\u00bboff|tablet\u00bb custom_padding=\u00bb10px|20px|10px|20px|true|true\u00bb locked=\u00bboff\u00bb global_colors_info=\u00bb{}\u00bb button_text_color__hover_enabled=\u00bboff|desktop\u00bb button_text_color__hover=\u00bb#000000&#8243; button_bg_color__hover_enabled=\u00bbon|hover\u00bb button_bg_color__hover=\u00bb#000000&#8243; button_bg_enable_color__hover=\u00bbon\u00bb][\/et_pb_button][\/et_pb_column_inner][et_pb_column_inner type=\u00bb1_2&#8243; saved_specialty_column_type=\u00bb2_3&#8243; _builder_version=\u00bb4.18.0&#8243; background_image=\u00bbhttps:\/\/gemeloonline.es\/wp-content\/uploads\/2022\/12\/20220719_210119-scaled.jpg\u00bb background_enable_video_mp4=\u00bboff\u00bb background_enable_video_webm=\u00bboff\u00bb global_colors_info=\u00bb{}\u00bb][et_pb_image src=\u00bbhttps:\/\/pizzaioloscoffee.com\/wp-content\/uploads\/2023\/05\/Pizza-realizada-en-horno-de-lena.png\u00bb title_text=\u00bbPizza realizada en horno de le\u00f1a\u00bb _builder_version=\u00bb4.21.0&#8243; _module_preset=\u00bbdefault\u00bb global_colors_info=\u00bb{}\u00bb][\/et_pb_image][\/et_pb_column_inner][\/et_pb_row_inner][\/et_pb_column][et_pb_column type=\u00bb1_3&#8243; _builder_version=\u00bb4.16&#8243; custom_padding=\u00bb|||\u00bb global_colors_info=\u00bb{}\u00bb custom_padding__hover=\u00bb|||\u00bb][\/et_pb_column][\/et_pb_section][et_pb_section fb_built=\u00bb1&#8243; admin_label=\u00bbFeature\u00bb _builder_version=\u00bb4.20.1&#8243; background_color=\u00bbrgba(0,0,0,0.72)\u00bb background_image=\u00bbhttps:\/\/gemeloonline.es\/wp-content\/uploads\/2023\/03\/2-2.png\u00bb background_blend=\u00bboverlay\u00bb custom_padding=\u00bb||100px|||\u00bb locked=\u00bboff\u00bb global_colors_info=\u00bb{}\u00bb][et_pb_row column_structure=\u00bb3_5,2_5&#8243; _builder_version=\u00bb4.16&#8243; locked=\u00bboff\u00bb global_colors_info=\u00bb{}\u00bb][et_pb_column type=\u00bb3_5&#8243; _builder_version=\u00bb4.16&#8243; global_colors_info=\u00bb{}\u00bb][et_pb_image src=\u00bbhttps:\/\/pizzaioloscoffee.com\/wp-content\/uploads\/2023\/05\/Pizza-al-horno-de-lena.png\u00bb title_text=\u00bbPizza al horno de le\u00f1a\u00bb align=\u00bbcenter\u00bb _builder_version=\u00bb4.21.0&#8243; background_image=\u00bbhttps:\/\/gemeloonline.es\/wp-content\/uploads\/2022\/12\/spice-shop-46.png\u00bb background_size=\u00bbcontain\u00bb max_width_phone=\u00bb300px\u00bb max_width_last_edited=\u00bboff|tablet\u00bb custom_margin=\u00bb|||-30%|false|false\u00bb custom_margin_tablet=\u00bb||||false|false\u00bb custom_margin_last_edited=\u00bboff|phone\u00bb locked=\u00bboff\u00bb global_colors_info=\u00bb{}\u00bb][\/et_pb_image][\/et_pb_column][et_pb_column type=\u00bb2_5&#8243; _builder_version=\u00bb4.16&#8243; custom_padding_tablet=\u00bb|20%|||false|false\u00bb custom_padding_phone=\u00bb\u00bb custom_padding_last_edited=\u00bbon|tablet\u00bb global_colors_info=\u00bb{}\u00bb][et_pb_text _builder_version=\u00bb4.20.1&#8243; header_2_font=\u00bbMontserrat|600|on||||||\u00bb header_2_text_color=\u00bb#FFFFFF\u00bb header_2_font_size=\u00bb50px\u00bb header_2_line_height=\u00bb1.2em\u00bb custom_margin=\u00bb|||-20%|false|false\u00bb custom_margin_tablet=\u00bb|||0%|false|false\u00bb custom_margin_phone=\u00bb\u00bb custom_margin_last_edited=\u00bbon|tablet\u00bb header_2_font_size_tablet=\u00bb35px\u00bb header_2_font_size_phone=\u00bb25px\u00bb header_2_font_size_last_edited=\u00bbon|phone\u00bb global_colors_info=\u00bb{}\u00bb]<\/p>\n<h2>Horno de le\u00f1a tradicional<\/h2>\n<p>[\/et_pb_text][et_pb_text _builder_version=\u00bb4.20.1&#8243; text_font=\u00bbMontserrat||on||||||\u00bb text_text_color=\u00bb#FFFFFF\u00bb text_font_size=\u00bb16px\u00bb text_line_height=\u00bb2.2em\u00bb text_font_size_tablet=\u00bb14px\u00bb text_font_size_phone=\u00bb\u00bb text_font_size_last_edited=\u00bbon|phone\u00bb locked=\u00bboff\u00bb global_colors_info=\u00bb{}\u00bb]<\/p>\n<p>Disfruta en familia de la autentica pizza realizada en horno de le\u00f1a en Chiclana y de forma tradicional con un sabor \u00fanico, en el mejor entorno, con un ambiente muy cercano.<\/p>\n<p>[\/et_pb_text][\/et_pb_column][\/et_pb_row][\/et_pb_section][et_pb_section fb_built=\u00bb1&#8243; admin_label=\u00bbTestimonials\u00bb _builder_version=\u00bb4.20.1&#8243; background_color=\u00bbrgba(255,255,255,0.94)\u00bb background_image=\u00bbhttps:\/\/gemeloonline.es\/wp-content\/uploads\/2023\/02\/cropped-logo-pizzaiolo.png\u00bb background_blend=\u00bboverlay\u00bb locked=\u00bboff\u00bb global_colors_info=\u00bb{}\u00bb][et_pb_row _builder_version=\u00bb4.20.1&#8243; width_tablet=\u00bb100%\u00bb width_phone=\u00bb\u00bb width_last_edited=\u00bbon|phone\u00bb locked=\u00bboff\u00bb global_colors_info=\u00bb{}\u00bb][et_pb_column type=\u00bb4_4&#8243; _builder_version=\u00bb4.20.1&#8243; global_colors_info=\u00bb{}\u00bb][et_pb_slider arrows_custom_color=\u00bb#000000&#8243; dot_nav_custom_color=\u00bb#000000&#8243; _builder_version=\u00bb4.20.1&#8243; header_level=\u00bbh5&#8243; header_font=\u00bbPlayfair Display||on||||||\u00bb header_text_color=\u00bb#000000&#8243; header_font_size=\u00bb40px\u00bb header_line_height=\u00bb2em\u00bb body_font=\u00bb|700||on|||||\u00bb body_text_color=\u00bb#000000&#8243; body_font_size=\u00bb16px\u00bb body_letter_spacing=\u00bb2px\u00bb body_line_height=\u00bb2em\u00bb background_color=\u00bbrgba(0,0,0,0)\u00bb max_width=\u00bb950px\u00bb module_alignment=\u00bbcenter\u00bb custom_padding=\u00bb30px|20px|70px|20px|false|true\u00bb custom_padding_tablet=\u00bb30px||||false|false\u00bb custom_padding_phone=\u00bb20px||||false|false\u00bb custom_padding_last_edited=\u00bbon|phone\u00bb header_font_size_tablet=\u00bb25px\u00bb header_font_size_phone=\u00bb20px\u00bb header_font_size_last_edited=\u00bbon|phone\u00bb body_font_size_tablet=\u00bb14px\u00bb body_font_size_phone=\u00bb12px\u00bb body_font_size_last_edited=\u00bbon|phone\u00bb body_letter_spacing_tablet=\u00bb2px\u00bb body_letter_spacing_last_edited=\u00bboff|tablet\u00bb text_shadow_style=\u00bbpreset1&#8243; text_shadow_color=\u00bbrgba(0,0,0,0)\u00bb locked=\u00bboff\u00bb global_colors_info=\u00bb{}\u00bb][et_pb_slide heading=\u00bb%22Pizzas de horno con sabor incre\u00edble, masa finita, %91&#8230;%93 Con jard\u00edn en la parte de atr\u00e1s que da a las cenas un toque veraniego muy bueno.  Recomendable\u00bb _builder_version=\u00bb4.20.1&#8243; locked=\u00bboff\u00bb global_colors_info=\u00bb{}\u00bb sticky_transition=\u00bbon\u00bb]<\/p>\n<p>M.G.M.<\/p>\n<p>[\/et_pb_slide][et_pb_slide heading=\u00bb%22Sitio estupendo, trato del personal s\u00faper amable y comida riqu\u00edsima!Para ni\u00f1os&#8230; tiene detr\u00e1s unos columpios y sitio al aire libre sin peligro%22&#8243; _builder_version=\u00bb4.16&#8243; locked=\u00bboff\u00bb global_colors_info=\u00bb{}\u00bb sticky_transition=\u00bbon\u00bb]<\/p>\n<p>J.P.<\/p>\n<p>[\/et_pb_slide][\/et_pb_slider][\/et_pb_column][\/et_pb_row][\/et_pb_section][et_pb_section fb_built=\u00bb1&#8243; _builder_version=\u00bb4.20.1&#8243; _module_preset=\u00bbdefault\u00bb global_colors_info=\u00bb{}\u00bb][et_pb_row column_structure=\u00bb1_2,1_2&#8243; _builder_version=\u00bb4.20.1&#8243; _module_preset=\u00bbdefault\u00bb global_colors_info=\u00bb{}\u00bb][et_pb_column type=\u00bb1_2&#8243; _builder_version=\u00bb4.20.1&#8243; _module_preset=\u00bbdefault\u00bb global_colors_info=\u00bb{}\u00bb][et_pb_image src=\u00bbhttps:\/\/pizzaioloscoffee.com\/wp-content\/uploads\/2023\/05\/Logo-Plan-de-RecuperacionTransformacion-y-Resiliencia.jpeg\u00bb alt=\u00bbLogo Plan de Recuperaci\u00f3n, Transformaci\u00f3n y Resiliencia\u00bb title_text=\u00bbLogo Plan de Recuperaci\u00f3n, Transformaci\u00f3n y Resiliencia\u00bb align=\u00bbcenter\u00bb _builder_version=\u00bb4.21.0&#8243; _module_preset=\u00bbdefault\u00bb width=\u00bb50%\u00bb global_colors_info=\u00bb{}\u00bb][\/et_pb_image][\/et_pb_column][et_pb_column type=\u00bb1_2&#8243; _builder_version=\u00bb4.20.1&#8243; _module_preset=\u00bbdefault\u00bb global_colors_info=\u00bb{}\u00bb][et_pb_image src=\u00bbhttps:\/\/pizzaioloscoffee.com\/wp-content\/uploads\/2023\/05\/Logo-Next-Generation-EU.jpeg\u00bb alt=\u00bbLogo Next Generation EU\u00bb title_text=\u00bbLogo Next Generation EU\u00bb align=\u00bbcenter\u00bb _builder_version=\u00bb4.21.0&#8243; _module_preset=\u00bbdefault\u00bb width=\u00bb86%\u00bb global_colors_info=\u00bb{}\u00bb][\/et_pb_image][\/et_pb_column][\/et_pb_row][\/et_pb_section]<\/p>\n","protected":false},"excerpt":{"rendered":"<p>Pizzas hechas al horno de le\u00f1aEn Chiclana de la Frontera (C\u00e1diz), Pizzaiolo&#8217;s Coffee te trae la mejor gastronom\u00eda italiana con una gran variedad de pizzas elaboradas de forma totalmente artesanal.Sabor a le\u00f1a&#8230; Realiza tu encargo para llevar o ven a disfrutar del aut\u00e9ntico sabor italiano al horno de le\u00f1a en Chiclana.Horno de le\u00f1a tradicionalDisfruta en [&hellip;]<\/p>\n","protected":false},"author":1,"featured_media":0,"parent":0,"menu_order":0,"comment_status":"closed","ping_status":"closed","template":"","meta":{"_et_pb_use_builder":"on","_et_pb_old_content":"","_et_gb_content_width":"","footnotes":""},"class_list":["post-7","page","type-page","status-publish","hentry"],"yoast_head":"<!-- This site is optimized with the Yoast SEO plugin v27.0 - https:\/\/yoast.com\/product\/yoast-seo-wordpress\/ -->\n<title>Pizzaiolo\u00b4s Coffe | Pizzer\u00eda Chiclana de la Frontera<\/title>\n<meta name=\"description\" content=\"Pizzaiolo\u00b4s Coffee, pizzer\u00eda en Chiclana de la Frontera. Todas nuestras pizzas hechas en Horno de le\u00f1a con productos frescos.\" \/>\n<meta name=\"robots\" content=\"index, follow, max-snippet:-1, max-image-preview:large, max-video-preview:-1\" \/>\n<link rel=\"canonical\" href=\"https:\/\/pizzaioloscoffee.com\/en\/\" \/>\n<meta property=\"og:locale\" content=\"en_GB\" \/>\n<meta property=\"og:type\" content=\"article\" \/>\n<meta property=\"og:title\" content=\"Pizzaiolo\u00b4s Coffe | Pizzer\u00eda Chiclana de la Frontera\" \/>\n<meta property=\"og:description\" content=\"Pizzaiolo\u00b4s Coffee, pizzer\u00eda en Chiclana de la Frontera. Todas nuestras pizzas hechas en Horno de le\u00f1a con productos frescos.\" \/>\n<meta property=\"og:url\" content=\"https:\/\/pizzaioloscoffee.com\/en\/\" \/>\n<meta property=\"og:site_name\" content=\"Pizzaiolo&#039;s Coffee\" \/>\n<meta property=\"article:publisher\" content=\"https:\/\/www.facebook.com\/pizzaioloscoffee\/\" \/>\n<meta property=\"article:modified_time\" content=\"2025-07-02T09:09:08+00:00\" \/>\n<meta name=\"twitter:card\" content=\"summary_large_image\" \/>\n<meta name=\"twitter:label1\" content=\"Estimated reading time\" \/>\n\t<meta name=\"twitter:data1\" content=\"3 minutes\" \/>\n<script type=\"application\/ld+json\" class=\"yoast-schema-graph\">{\"@context\":\"https:\/\/schema.org\",\"@graph\":[{\"@type\":\"WebPage\",\"@id\":\"https:\/\/pizzaioloscoffee.com\/\",\"url\":\"https:\/\/pizzaioloscoffee.com\/\",\"name\":\"Pizzaiolo\u00b4s Coffe | Pizzer\u00eda Chiclana de la Frontera\",\"isPartOf\":{\"@id\":\"https:\/\/pizzaioloscoffee.com\/#website\"},\"datePublished\":\"2022-12-01T10:05:57+00:00\",\"dateModified\":\"2025-07-02T09:09:08+00:00\",\"description\":\"Pizzaiolo\u00b4s Coffee, pizzer\u00eda en Chiclana de la Frontera. Todas nuestras pizzas hechas en Horno de le\u00f1a con productos frescos.\",\"breadcrumb\":{\"@id\":\"https:\/\/pizzaioloscoffee.com\/#breadcrumb\"},\"inLanguage\":\"en-GB\",\"potentialAction\":[{\"@type\":\"ReadAction\",\"target\":[\"https:\/\/pizzaioloscoffee.com\/\"]}]},{\"@type\":\"BreadcrumbList\",\"@id\":\"https:\/\/pizzaioloscoffee.com\/#breadcrumb\",\"itemListElement\":[{\"@type\":\"ListItem\",\"position\":1,\"name\":\"Portada\",\"item\":\"https:\/\/pizzaioloscoffee.com\/\"},{\"@type\":\"ListItem\",\"position\":2,\"name\":\"home\"}]},{\"@type\":\"WebSite\",\"@id\":\"https:\/\/pizzaioloscoffee.com\/#website\",\"url\":\"https:\/\/pizzaioloscoffee.com\/\",\"name\":\"Pizzaiolo's Coffee\",\"description\":\"Pizzer\u00eda en Chiclana (C\u00e1diz) Pizzas al Horno de Le\u00f1a\",\"publisher\":{\"@id\":\"https:\/\/pizzaioloscoffee.com\/#organization\"},\"potentialAction\":[{\"@type\":\"SearchAction\",\"target\":{\"@type\":\"EntryPoint\",\"urlTemplate\":\"https:\/\/pizzaioloscoffee.com\/?s={search_term_string}\"},\"query-input\":{\"@type\":\"PropertyValueSpecification\",\"valueRequired\":true,\"valueName\":\"search_term_string\"}}],\"inLanguage\":\"en-GB\"},{\"@type\":\"Organization\",\"@id\":\"https:\/\/pizzaioloscoffee.com\/#organization\",\"name\":\"Pizzaiolo's Coffee\",\"url\":\"https:\/\/pizzaioloscoffee.com\/\",\"logo\":{\"@type\":\"ImageObject\",\"inLanguage\":\"en-GB\",\"@id\":\"https:\/\/pizzaioloscoffee.com\/#\/schema\/logo\/image\/\",\"url\":\"https:\/\/pizzaioloscoffee.com\/wp-content\/uploads\/2023\/05\/PIZZAIOLO-LOGO-REDONDO-transparente-e1683277847388.png\",\"contentUrl\":\"https:\/\/pizzaioloscoffee.com\/wp-content\/uploads\/2023\/05\/PIZZAIOLO-LOGO-REDONDO-transparente-e1683277847388.png\",\"width\":1080,\"height\":1156,\"caption\":\"Pizzaiolo's Coffee\"},\"image\":{\"@id\":\"https:\/\/pizzaioloscoffee.com\/#\/schema\/logo\/image\/\"},\"sameAs\":[\"https:\/\/www.facebook.com\/pizzaioloscoffee\/\",\"https:\/\/www.instagram.com\/pizzaioloscoffee\/\"]}]}<\/script>\n<!-- \/ Yoast SEO plugin. -->","yoast_head_json":{"title":"Pizzaiolo\u00b4s Coffe | Pizzer\u00eda Chiclana de la Frontera","description":"Pizzaiolo\u00b4s Coffee, pizzer\u00eda en Chiclana de la Frontera. Todas nuestras pizzas hechas en Horno de le\u00f1a con productos frescos.","robots":{"index":"index","follow":"follow","max-snippet":"max-snippet:-1","max-image-preview":"max-image-preview:large","max-video-preview":"max-video-preview:-1"},"canonical":"https:\/\/pizzaioloscoffee.com\/en\/","og_locale":"en_GB","og_type":"article","og_title":"Pizzaiolo\u00b4s Coffe | Pizzer\u00eda Chiclana de la Frontera","og_description":"Pizzaiolo\u00b4s Coffee, pizzer\u00eda en Chiclana de la Frontera. Todas nuestras pizzas hechas en Horno de le\u00f1a con productos frescos.","og_url":"https:\/\/pizzaioloscoffee.com\/en\/","og_site_name":"Pizzaiolo&#039;s Coffee","article_publisher":"https:\/\/www.facebook.com\/pizzaioloscoffee\/","article_modified_time":"2025-07-02T09:09:08+00:00","twitter_card":"summary_large_image","twitter_misc":{"Estimated reading time":"3 minutes"},"schema":{"@context":"https:\/\/schema.org","@graph":[{"@type":"WebPage","@id":"https:\/\/pizzaioloscoffee.com\/","url":"https:\/\/pizzaioloscoffee.com\/","name":"Pizzaiolo\u00b4s Coffe | Pizzer\u00eda Chiclana de la Frontera","isPartOf":{"@id":"https:\/\/pizzaioloscoffee.com\/#website"},"datePublished":"2022-12-01T10:05:57+00:00","dateModified":"2025-07-02T09:09:08+00:00","description":"Pizzaiolo\u00b4s Coffee, pizzer\u00eda en Chiclana de la Frontera. Todas nuestras pizzas hechas en Horno de le\u00f1a con productos frescos.","breadcrumb":{"@id":"https:\/\/pizzaioloscoffee.com\/#breadcrumb"},"inLanguage":"en-GB","potentialAction":[{"@type":"ReadAction","target":["https:\/\/pizzaioloscoffee.com\/"]}]},{"@type":"BreadcrumbList","@id":"https:\/\/pizzaioloscoffee.com\/#breadcrumb","itemListElement":[{"@type":"ListItem","position":1,"name":"Portada","item":"https:\/\/pizzaioloscoffee.com\/"},{"@type":"ListItem","position":2,"name":"home"}]},{"@type":"WebSite","@id":"https:\/\/pizzaioloscoffee.com\/#website","url":"https:\/\/pizzaioloscoffee.com\/","name":"Pizzaiolo's Coffee","description":"Pizzer\u00eda en Chiclana (C\u00e1diz) Pizzas al Horno de Le\u00f1a","publisher":{"@id":"https:\/\/pizzaioloscoffee.com\/#organization"},"potentialAction":[{"@type":"SearchAction","target":{"@type":"EntryPoint","urlTemplate":"https:\/\/pizzaioloscoffee.com\/?s={search_term_string}"},"query-input":{"@type":"PropertyValueSpecification","valueRequired":true,"valueName":"search_term_string"}}],"inLanguage":"en-GB"},{"@type":"Organization","@id":"https:\/\/pizzaioloscoffee.com\/#organization","name":"Pizzaiolo's Coffee","url":"https:\/\/pizzaioloscoffee.com\/","logo":{"@type":"ImageObject","inLanguage":"en-GB","@id":"https:\/\/pizzaioloscoffee.com\/#\/schema\/logo\/image\/","url":"https:\/\/pizzaioloscoffee.com\/wp-content\/uploads\/2023\/05\/PIZZAIOLO-LOGO-REDONDO-transparente-e1683277847388.png","contentUrl":"https:\/\/pizzaioloscoffee.com\/wp-content\/uploads\/2023\/05\/PIZZAIOLO-LOGO-REDONDO-transparente-e1683277847388.png","width":1080,"height":1156,"caption":"Pizzaiolo's Coffee"},"image":{"@id":"https:\/\/pizzaioloscoffee.com\/#\/schema\/logo\/image\/"},"sameAs":["https:\/\/www.facebook.com\/pizzaioloscoffee\/","https:\/\/www.instagram.com\/pizzaioloscoffee\/"]}]}},"_links":{"self":[{"href":"https:\/\/pizzaioloscoffee.com\/en\/wp-json\/wp\/v2\/pages\/7","targetHints":{"allow":["GET"]}}],"collection":[{"href":"https:\/\/pizzaioloscoffee.com\/en\/wp-json\/wp\/v2\/pages"}],"about":[{"href":"https:\/\/pizzaioloscoffee.com\/en\/wp-json\/wp\/v2\/types\/page"}],"author":[{"embeddable":true,"href":"https:\/\/pizzaioloscoffee.com\/en\/wp-json\/wp\/v2\/users\/1"}],"replies":[{"embeddable":true,"href":"https:\/\/pizzaioloscoffee.com\/en\/wp-json\/wp\/v2\/comments?post=7"}],"version-history":[{"count":46,"href":"https:\/\/pizzaioloscoffee.com\/en\/wp-json\/wp\/v2\/pages\/7\/revisions"}],"predecessor-version":[{"id":533,"href":"https:\/\/pizzaioloscoffee.com\/en\/wp-json\/wp\/v2\/pages\/7\/revisions\/533"}],"wp:attachment":[{"href":"https:\/\/pizzaioloscoffee.com\/en\/wp-json\/wp\/v2\/media?parent=7"}],"curies":[{"name":"wp","href":"https:\/\/api.w.org\/{rel}","templated":true}]}}