{"id":193,"date":"2023-03-07T15:54:51","date_gmt":"2023-03-07T15:54:51","guid":{"rendered":"https:\/\/gemeloonline.es\/?page_id=193"},"modified":"2023-06-14T07:36:21","modified_gmt":"2023-06-14T07:36:21","slug":"la-terraza","status":"publish","type":"page","link":"https:\/\/pizzaioloscoffee.com\/en\/la-terraza\/","title":{"rendered":"The terrace"},"content":{"rendered":"\n[et_pb_section fb_built=\u00bb1&#8243; custom_padding_last_edited=\u00bbon|desktop\u00bb background_color_2=\u00bb#ffffff\u00bb padding_top_2=\u00bb40px\u00bb padding_right_2=\u00bb30px\u00bb padding_bottom_2=\u00bb40px\u00bb padding_left_2=\u00bb30px\u00bb padding_top_bottom_link_2=\u00bbtrue\u00bb padding_left_right_link_2=\u00bbtrue\u00bb padding_2_tablet=\u00bb0px|0px|0px|0px|true|true\u00bb padding_2_phone=\u00bb\u00bb padding_2_last_edited=\u00bbon|tablet\u00bb admin_label=\u00bbHeader\u00bb _builder_version=\u00bb4.20.1&#8243; custom_padding=\u00bb5vw||80px||false|false\u00bb custom_padding_tablet=\u00bb||0px||false|false\u00bb custom_padding_phone=\u00bb\u00bb background_last_edited=\u00bbon|tablet\u00bb use_background_color_gradient_tablet=\u00bboff\u00bb global_colors_info=\u00bb{}\u00bb][et_pb_row _builder_version=\u00bb4.16&#8243; global_colors_info=\u00bb{}\u00bb][et_pb_column type=\u00bb4_4&#8243; _builder_version=\u00bb4.16&#8243; global_colors_info=\u00bb{}\u00bb][et_pb_text _builder_version=\u00bb4.20.1&#8243; text_font=\u00bbCabin||||||||\u00bb text_text_color=\u00bbrgba(85,101,112,0.8)\u00bb text_font_size=\u00bb16px\u00bb text_line_height=\u00bb1.8em\u00bb header_font=\u00bbMontserrat|700|on||||||\u00bb header_text_color=\u00bb#002d4c\u00bb header_font_size=\u00bb66px\u00bb header_line_height=\u00bb1.1em\u00bb header_3_font=\u00bbCabin|700||on|||||\u00bb header_3_text_color=\u00bb#bd8f52&#8243; header_3_font_size=\u00bb13px\u00bb header_3_letter_spacing=\u00bb3px\u00bb header_3_line_height=\u00bb1.4em\u00bb max_width=\u00bb36vw\u00bb max_width_tablet=\u00bb90%\u00bb max_width_phone=\u00bb100%\u00bb max_width_last_edited=\u00bbon|tablet\u00bb custom_margin=\u00bb||||false|false\u00bb text_font_size_tablet=\u00bb15px\u00bb text_font_size_phone=\u00bb14px\u00bb text_font_size_last_edited=\u00bbon|phone\u00bb header_font_size_tablet=\u00bb52px\u00bb header_font_size_phone=\u00bb38px\u00bb header_font_size_last_edited=\u00bbon|desktop\u00bb locked=\u00bboff\u00bb global_colors_info=\u00bb{}\u00bb]<h3>Pizzaiolo&#8217;s coffee<\/h3>\n<h1>La terraza&#8230;<\/h1>[\/et_pb_text][\/et_pb_column][\/et_pb_row][\/et_pb_section][et_pb_section fb_built=\u00bb1&#8243; admin_label=\u00bbGallery\u00bb _builder_version=\u00bb4.16&#8243; custom_padding=\u00bb0px|||||\u00bb collapsed=\u00bboff\u00bb global_colors_info=\u00bb{}\u00bb][et_pb_row column_structure=\u00bb1_2,1_2&#8243; _builder_version=\u00bb4.16&#8243; custom_padding=\u00bb0px|||||\u00bb global_colors_info=\u00bb{}\u00bb][et_pb_column type=\u00bb1_2&#8243; _builder_version=\u00bb4.16&#8243; custom_padding=\u00bb||||false|false\u00bb box_shadow_style=\u00bbpreset4&#8243; box_shadow_horizontal=\u00bb120px\u00bb box_shadow_vertical=\u00bb80px\u00bb box_shadow_color=\u00bbrgba(85,101,112,0.08)\u00bb global_colors_info=\u00bb{}\u00bb][et_pb_image src=\u00bbhttps:\/\/pizzaioloscoffee.com\/wp-content\/uploads\/2023\/05\/Terraza-en-exterior-de-Pizzaiolos-Coffee.png\u00bb title_text=\u00bbTerraza en exterior de Pizzaiolo&#8217;s Coffee\u00bb _builder_version=\u00bb4.21.0&#8243; custom_margin=\u00bb||||false|false\u00bb box_shadow_style=\u00bbpreset3&#8243; box_shadow_vertical=\u00bb80px\u00bb box_shadow_blur=\u00bb80px\u00bb box_shadow_spread=\u00bb-32px\u00bb box_shadow_color=\u00bbrgba(0,45,76,0.32)\u00bb global_colors_info=\u00bb{}\u00bb][\/et_pb_image][\/et_pb_column][et_pb_column type=\u00bb1_2&#8243; _builder_version=\u00bb4.16&#8243; custom_padding=\u00bb60px||||false|false\u00bb custom_padding_tablet=\u00bb0px||||false|false\u00bb custom_padding_phone=\u00bb\u00bb custom_padding_last_edited=\u00bbon|tablet\u00bb global_colors_info=\u00bb{}\u00bb][et_pb_text _builder_version=\u00bb4.20.1&#8243; text_font=\u00bbMontserrat||on||||||\u00bb text_text_color=\u00bbrgba(85,101,112,0.8)\u00bb text_font_size=\u00bb16px\u00bb text_line_height=\u00bb1.8em\u00bb header_2_font=\u00bbMontserrat|600|||||||\u00bb header_2_text_color=\u00bb#002d4c\u00bb header_2_font_size=\u00bb56px\u00bb header_2_line_height=\u00bb1.1em\u00bb header_3_font=\u00bbCabin|700||on|||||\u00bb header_3_text_color=\u00bb#bd8f52&#8243; header_3_font_size=\u00bb13px\u00bb header_3_letter_spacing=\u00bb3px\u00bb header_3_line_height=\u00bb1.4em\u00bb max_width=\u00bb36vw\u00bb max_width_tablet=\u00bb90%\u00bb max_width_phone=\u00bb100%\u00bb max_width_last_edited=\u00bbon|tablet\u00bb custom_margin=\u00bb||2vw||false|false\u00bb text_font_size_tablet=\u00bb15px\u00bb text_font_size_phone=\u00bb14px\u00bb text_font_size_last_edited=\u00bbon|phone\u00bb header_2_font_size_tablet=\u00bb44px\u00bb header_2_font_size_phone=\u00bb32px\u00bb header_2_font_size_last_edited=\u00bbon|tablet\u00bb locked=\u00bboff\u00bb global_colors_info=\u00bb{}\u00bb]<h3><\/h3>\n<h2>\u00bfAlgo m\u00e1s?<\/h2>\n<p>\u00bfSe puede pedir algo m\u00e1s donde el entorno es un sitio m\u00e1gico, los jardines transmiten tranquilidad, paz y armon\u00eda?<\/p>[\/et_pb_text][\/et_pb_column][\/et_pb_row][et_pb_row column_structure=\u00bb1_3,1_3,1_3&#8243; _builder_version=\u00bb4.16&#8243; global_colors_info=\u00bb{}\u00bb][et_pb_column type=\u00bb1_3&#8243; _builder_version=\u00bb4.16&#8243; global_colors_info=\u00bb{}\u00bb][et_pb_image src=\u00bbhttps:\/\/pizzaioloscoffee.com\/wp-content\/uploads\/2023\/05\/Terraza-de-Pizzaiolos-Coffee.png\u00bb alt=\u00bbTerraza de Pizzaiolo&#8217;s Coffee\u00bb title_text=\u00bbTerraza de Pizzaiolo&#8217;s Coffee\u00bb _builder_version=\u00bb4.21.0&#8243; box_shadow_style=\u00bbpreset3&#8243; box_shadow_vertical=\u00bb80px\u00bb box_shadow_blur=\u00bb80px\u00bb box_shadow_spread=\u00bb-32px\u00bb box_shadow_color=\u00bbrgba(0,45,76,0.32)\u00bb global_colors_info=\u00bb{}\u00bb][\/et_pb_image][\/et_pb_column][et_pb_column type=\u00bb1_3&#8243; _builder_version=\u00bb4.16&#8243; global_colors_info=\u00bb{}\u00bb][et_pb_image src=\u00bbhttps:\/\/pizzaioloscoffee.com\/wp-content\/uploads\/2023\/05\/La-terraza-de-Pizzaiolos-Coffee.png\u00bb title_text=\u00bbLa terraza de Pizzaiolo&#8217;s Coffee\u00bb _builder_version=\u00bb4.21.0&#8243; box_shadow_style=\u00bbpreset3&#8243; box_shadow_vertical=\u00bb80px\u00bb box_shadow_blur=\u00bb80px\u00bb box_shadow_spread=\u00bb-32px\u00bb box_shadow_color=\u00bbrgba(0,45,76,0.32)\u00bb locked=\u00bboff\u00bb global_colors_info=\u00bb{}\u00bb][\/et_pb_image][\/et_pb_column][et_pb_column type=\u00bb1_3&#8243; _builder_version=\u00bb4.16&#8243; global_colors_info=\u00bb{}\u00bb][et_pb_image src=\u00bbhttps:\/\/pizzaioloscoffee.com\/wp-content\/uploads\/2023\/05\/Terraza-en-Pizzaiolos-Coffee.png\u00bb alt=\u00bbTerraza en Pizzaiolo&#8217;s Coffee\u00bb title_text=\u00bbTerraza en Pizzaiolo&#8217;s Coffee\u00bb _builder_version=\u00bb4.21.0&#8243; box_shadow_style=\u00bbpreset3&#8243; box_shadow_vertical=\u00bb80px\u00bb box_shadow_blur=\u00bb80px\u00bb box_shadow_spread=\u00bb-32px\u00bb box_shadow_color=\u00bbrgba(0,45,76,0.32)\u00bb locked=\u00bboff\u00bb global_colors_info=\u00bb{}\u00bb][\/et_pb_image][\/et_pb_column][\/et_pb_row][\/et_pb_section][et_pb_section fb_built=\u00bb1&#8243; admin_label=\u00bbGallery\u00bb _builder_version=\u00bb4.16&#8243; custom_padding=\u00bb0px|||||\u00bb collapsed=\u00bboff\u00bb global_colors_info=\u00bb{}\u00bb][et_pb_row column_structure=\u00bb1_2,1_2&#8243; _builder_version=\u00bb4.16&#8243; custom_padding=\u00bb0px|||||\u00bb global_colors_info=\u00bb{}\u00bb][et_pb_column type=\u00bb1_2&#8243; _builder_version=\u00bb4.16&#8243; custom_padding=\u00bb60px||||false|false\u00bb custom_padding_tablet=\u00bb0px||||false|false\u00bb custom_padding_phone=\u00bb\u00bb custom_padding_last_edited=\u00bbon|tablet\u00bb global_colors_info=\u00bb{}\u00bb][et_pb_text _builder_version=\u00bb4.20.1&#8243; text_font=\u00bbCabin||||||||\u00bb text_text_color=\u00bbrgba(85,101,112,0.8)\u00bb text_font_size=\u00bb16px\u00bb text_line_height=\u00bb1.8em\u00bb header_2_font=\u00bbPlayfair Display|700|||||||\u00bb header_2_text_color=\u00bb#002d4c\u00bb header_2_font_size=\u00bb56px\u00bb header_2_line_height=\u00bb1.1em\u00bb header_3_font=\u00bbCabin|700||on|||||\u00bb header_3_text_color=\u00bb#bd8f52&#8243; header_3_font_size=\u00bb13px\u00bb header_3_letter_spacing=\u00bb3px\u00bb header_3_line_height=\u00bb1.4em\u00bb max_width=\u00bb36vw\u00bb max_width_tablet=\u00bb90%\u00bb max_width_phone=\u00bb100%\u00bb max_width_last_edited=\u00bbon|tablet\u00bb custom_margin=\u00bb||2vw||false|false\u00bb text_font_size_tablet=\u00bb15px\u00bb text_font_size_phone=\u00bb14px\u00bb text_font_size_last_edited=\u00bbon|phone\u00bb header_2_font_size_tablet=\u00bb44px\u00bb header_2_font_size_phone=\u00bb32px\u00bb header_2_font_size_last_edited=\u00bbon|tablet\u00bb locked=\u00bboff\u00bb global_colors_info=\u00bb{}\u00bb]<h2>Ingredientes naturales<\/h2>\n<p>Disfruta de una aut\u00e9ntica pizza italiana hecha en horno de le\u00f1a con masa madre e ingredientes naturales. Cocinamos la salsa bolo\u00f1esa, la sala carbonara, la salsa pesto&#8230; \u00a1Y no te olvides de pedir un <a href=\"https:\/\/pizzaioloscoffee.com\/wp-content\/uploads\/2023\/05\/carta-pizzaiolo.pdf\">complemento<\/a> con tu pizza!<\/p>[\/et_pb_text][\/et_pb_column][et_pb_column type=\u00bb1_2&#8243; _builder_version=\u00bb4.16&#8243; custom_padding=\u00bb||||false|false\u00bb box_shadow_style=\u00bbpreset4&#8243; box_shadow_horizontal=\u00bb120px\u00bb box_shadow_vertical=\u00bb80px\u00bb box_shadow_color=\u00bbrgba(85,101,112,0.08)\u00bb global_colors_info=\u00bb{}\u00bb][et_pb_image src=\u00bbhttps:\/\/pizzaioloscoffee.com\/wp-content\/uploads\/2023\/05\/Pizza-realizada-en-horno-de-lena.png\u00bb title_text=\u00bbPizza realizada en horno de le\u00f1a\u00bb _builder_version=\u00bb4.21.0&#8243; custom_margin=\u00bb||||false|false\u00bb box_shadow_style=\u00bbpreset3&#8243; box_shadow_vertical=\u00bb80px\u00bb box_shadow_blur=\u00bb80px\u00bb box_shadow_spread=\u00bb-32px\u00bb box_shadow_color=\u00bbrgba(0,45,76,0.32)\u00bb global_colors_info=\u00bb{}\u00bb][\/et_pb_image][\/et_pb_column][\/et_pb_row][et_pb_row _builder_version=\u00bb4.16&#8243; locked=\u00bboff\u00bb global_colors_info=\u00bb{}\u00bb][et_pb_column type=\u00bb4_4&#8243; _builder_version=\u00bb4.16&#8243; global_colors_info=\u00bb{}\u00bb][et_pb_text _builder_version=\u00bb4.20.1&#8243; text_font=\u00bbCabin||||||||\u00bb text_text_color=\u00bbrgba(85,101,112,0.8)\u00bb text_font_size=\u00bb16px\u00bb text_line_height=\u00bb1.8em\u00bb header_2_font=\u00bbMontserrat|700|||||||\u00bb header_2_text_color=\u00bb#002d4c\u00bb header_2_font_size=\u00bb56px\u00bb header_2_line_height=\u00bb1.1em\u00bb header_3_font=\u00bbCabin|700||on|||||\u00bb header_3_text_color=\u00bb#bd8f52&#8243; header_3_font_size=\u00bb13px\u00bb header_3_letter_spacing=\u00bb3px\u00bb header_3_line_height=\u00bb1.4em\u00bb text_orientation=\u00bbcenter\u00bb max_width_tablet=\u00bb90%\u00bb max_width_phone=\u00bb100%\u00bb max_width_last_edited=\u00bboff|desktop\u00bb custom_margin=\u00bb||||false|false\u00bb text_font_size_tablet=\u00bb15px\u00bb text_font_size_phone=\u00bb14px\u00bb text_font_size_last_edited=\u00bbon|phone\u00bb header_2_font_size_tablet=\u00bb44px\u00bb header_2_font_size_phone=\u00bb32px\u00bb header_2_font_size_last_edited=\u00bbon|tablet\u00bb locked=\u00bboff\u00bb global_colors_info=\u00bb{}\u00bb header_2_2_font_size_phone=\u00bb32px\u00bb header_3_2_font_size_phone=\u00bb32px\u00bb header_4_2_font_size_phone=\u00bb32px\u00bb header_5_2_font_size_phone=\u00bb32px\u00bb header_6_2_font_size_phone=\u00bb32px\u00bb header_2_2_font_size_tablet=\u00bb44px\u00bb header_3_2_font_size_tablet=\u00bb44px\u00bb header_4_2_font_size_tablet=\u00bb44px\u00bb header_5_2_font_size_tablet=\u00bb44px\u00bb header_6_2_font_size_tablet=\u00bb44px\u00bb header_2_2_font_size_last_edited=\u00bbon|tablet\u00bb header_3_2_font_size_last_edited=\u00bbon|tablet\u00bb header_4_2_font_size_last_edited=\u00bbon|tablet\u00bb header_5_2_font_size_last_edited=\u00bbon|tablet\u00bb header_6_2_font_size_last_edited=\u00bbon|tablet\u00bb]<h3>pizzaiolo&#8217;s coffee<\/h3>\n<h2>Llama y haz tu reserva<\/h2>[\/et_pb_text][et_pb_button button_url=\u00bbtel:+34617333032&#8243; button_text=\u00bbReserva\u00bb button_alignment=\u00bbcenter\u00bb _builder_version=\u00bb4.20.1&#8243; custom_button=\u00bbon\u00bb button_text_size=\u00bb13px\u00bb button_bg_color=\u00bb#000000&#8243; button_border_width=\u00bb2px\u00bb button_border_color=\u00bb#000000&#8243; button_border_radius=\u00bb0px\u00bb button_letter_spacing=\u00bb2px\u00bb button_font=\u00bbCabin|600||on|||||\u00bb button_use_icon=\u00bboff\u00bb background_layout=\u00bbdark\u00bb custom_padding=\u00bb16px|24px|16px|24px|true|true\u00bb custom_padding_tablet=\u00bb56px||56px||true|true\u00bb custom_padding_phone=\u00bb24px||24px||true|true\u00bb custom_padding_last_edited=\u00bboff|tablet\u00bb box_shadow_style=\u00bbpreset7&#8243; box_shadow_horizontal=\u00bb0px\u00bb box_shadow_vertical=\u00bb0px\u00bb box_shadow_spread=\u00bb2px\u00bb box_shadow_color=\u00bb#ffffff\u00bb locked=\u00bboff\u00bb global_colors_info=\u00bb{}\u00bb box_shadow_spread__hover_enabled=\u00bbon|hover\u00bb box_shadow_spread__hover=\u00bb6px\u00bb button_border_color__hover_enabled=\u00bbon|desktop\u00bb button_border_color__hover=\u00bb#d1d1d1&#8243;][\/et_pb_button][\/et_pb_column][\/et_pb_row][\/et_pb_section][et_pb_section fb_built=\u00bb1&#8243; _builder_version=\u00bb4.20.1&#8243; _module_preset=\u00bbdefault\u00bb global_colors_info=\u00bb{}\u00bb][et_pb_row column_structure=\u00bb1_2,1_2&#8243; _builder_version=\u00bb4.20.1&#8243; _module_preset=\u00bbdefault\u00bb global_colors_info=\u00bb{}\u00bb][et_pb_column type=\u00bb1_2&#8243; _builder_version=\u00bb4.20.1&#8243; _module_preset=\u00bbdefault\u00bb global_colors_info=\u00bb{}\u00bb][et_pb_image src=\u00bbhttps:\/\/pizzaioloscoffee.com\/wp-content\/uploads\/2023\/05\/Logo-Plan-de-RecuperacionTransformacion-y-Resiliencia.jpeg\u00bb alt=\u00bbLogo Plan de Recuperaci\u00f3n, Transformaci\u00f3n y Resiliencia\u00bb title_text=\u00bbLogo Plan de Recuperaci\u00f3n, Transformaci\u00f3n y Resiliencia\u00bb align=\u00bbright\u00bb _builder_version=\u00bb4.21.0&#8243; _module_preset=\u00bbdefault\u00bb width=\u00bb43%\u00bb global_colors_info=\u00bb{}\u00bb][\/et_pb_image][\/et_pb_column][et_pb_column type=\u00bb1_2&#8243; _builder_version=\u00bb4.20.1&#8243; _module_preset=\u00bbdefault\u00bb global_colors_info=\u00bb{}\u00bb][et_pb_image src=\u00bbhttps:\/\/pizzaioloscoffee.com\/wp-content\/uploads\/2023\/05\/Logo-Next-Generation-EU.jpeg\u00bb alt=\u00bbLogo Next Generation EU\u00bb title_text=\u00bbLogo Next Generation EU\u00bb _builder_version=\u00bb4.21.0&#8243; _module_preset=\u00bbdefault\u00bb width=\u00bb79%\u00bb module_alignment=\u00bbleft\u00bb custom_margin=\u00bb||3px|4px|false|false\u00bb custom_padding=\u00bb||2px||false|false\u00bb global_colors_info=\u00bb{}\u00bb][\/et_pb_image][\/et_pb_column][\/et_pb_row][\/et_pb_section]\n","protected":false},"excerpt":{"rendered":"<p>Pizzaiolo&#8217;s coffee La terraza&#8230; \u00bfAlgo m\u00e1s? \u00bfSe puede pedir algo m\u00e1s donde el entorno es un sitio m\u00e1gico, los jardines transmiten tranquilidad, paz y armon\u00eda?Ingredientes naturales Disfruta de una aut\u00e9ntica pizza italiana hecha en horno de le\u00f1a con masa madre e ingredientes naturales. Cocinamos la salsa bolo\u00f1esa, la sala carbonara, la salsa pesto&#8230; \u00a1Y no [&hellip;]<\/p>\n","protected":false},"author":1,"featured_media":0,"parent":0,"menu_order":0,"comment_status":"closed","ping_status":"closed","template":"","meta":{"_et_pb_use_builder":"on","_et_pb_old_content":"<!-- wp:divi\/placeholder \/-->","_et_gb_content_width":"","footnotes":""},"class_list":["post-193","page","type-page","status-publish","hentry"],"yoast_head":"<!-- This site is optimized with the Yoast SEO plugin v27.0 - https:\/\/yoast.com\/product\/yoast-seo-wordpress\/ -->\n<title>La Terraza de Pizzaiolo\u00b4s Coffee<\/title>\n<meta name=\"description\" content=\"La mejor terraza de Chiclana de la Frontera para disfrutar de los mejores platos de Pizzaiolo\u00b4s Coffee.\" \/>\n<meta name=\"robots\" content=\"index, follow, max-snippet:-1, max-image-preview:large, max-video-preview:-1\" \/>\n<link rel=\"canonical\" href=\"https:\/\/pizzaioloscoffee.com\/en\/la-terraza\/\" \/>\n<meta property=\"og:locale\" content=\"en_GB\" \/>\n<meta property=\"og:type\" content=\"article\" \/>\n<meta property=\"og:title\" content=\"La Terraza de Pizzaiolo\u00b4s Coffee\" \/>\n<meta property=\"og:description\" content=\"La mejor terraza de Chiclana de la Frontera para disfrutar de los mejores platos de Pizzaiolo\u00b4s Coffee.\" \/>\n<meta property=\"og:url\" content=\"https:\/\/pizzaioloscoffee.com\/en\/la-terraza\/\" \/>\n<meta property=\"og:site_name\" content=\"Pizzaiolo&#039;s Coffee\" \/>\n<meta property=\"article:publisher\" content=\"https:\/\/www.facebook.com\/pizzaioloscoffee\/\" \/>\n<meta property=\"article:modified_time\" content=\"2023-06-14T07:36:21+00:00\" \/>\n<meta name=\"twitter:card\" content=\"summary_large_image\" \/>\n<meta name=\"twitter:label1\" content=\"Estimated reading time\" \/>\n\t<meta name=\"twitter:data1\" content=\"3 minutes\" \/>\n<script type=\"application\/ld+json\" class=\"yoast-schema-graph\">{\"@context\":\"https:\/\/schema.org\",\"@graph\":[{\"@type\":\"WebPage\",\"@id\":\"https:\/\/pizzaioloscoffee.com\/la-terraza\/\",\"url\":\"https:\/\/pizzaioloscoffee.com\/la-terraza\/\",\"name\":\"La Terraza de Pizzaiolo\u00b4s Coffee\",\"isPartOf\":{\"@id\":\"https:\/\/pizzaioloscoffee.com\/#website\"},\"datePublished\":\"2023-03-07T15:54:51+00:00\",\"dateModified\":\"2023-06-14T07:36:21+00:00\",\"description\":\"La mejor terraza de Chiclana de la Frontera para disfrutar de los mejores platos de Pizzaiolo\u00b4s Coffee.\",\"breadcrumb\":{\"@id\":\"https:\/\/pizzaioloscoffee.com\/la-terraza\/#breadcrumb\"},\"inLanguage\":\"en-GB\",\"potentialAction\":[{\"@type\":\"ReadAction\",\"target\":[\"https:\/\/pizzaioloscoffee.com\/la-terraza\/\"]}]},{\"@type\":\"BreadcrumbList\",\"@id\":\"https:\/\/pizzaioloscoffee.com\/la-terraza\/#breadcrumb\",\"itemListElement\":[{\"@type\":\"ListItem\",\"position\":1,\"name\":\"Portada\",\"item\":\"https:\/\/pizzaioloscoffee.com\/\"},{\"@type\":\"ListItem\",\"position\":2,\"name\":\"La Terraza\"}]},{\"@type\":\"WebSite\",\"@id\":\"https:\/\/pizzaioloscoffee.com\/#website\",\"url\":\"https:\/\/pizzaioloscoffee.com\/\",\"name\":\"Pizzaiolo's Coffee\",\"description\":\"Pizzer\u00eda en Chiclana (C\u00e1diz) Pizzas al Horno de Le\u00f1a\",\"publisher\":{\"@id\":\"https:\/\/pizzaioloscoffee.com\/#organization\"},\"potentialAction\":[{\"@type\":\"SearchAction\",\"target\":{\"@type\":\"EntryPoint\",\"urlTemplate\":\"https:\/\/pizzaioloscoffee.com\/?s={search_term_string}\"},\"query-input\":{\"@type\":\"PropertyValueSpecification\",\"valueRequired\":true,\"valueName\":\"search_term_string\"}}],\"inLanguage\":\"en-GB\"},{\"@type\":\"Organization\",\"@id\":\"https:\/\/pizzaioloscoffee.com\/#organization\",\"name\":\"Pizzaiolo's Coffee\",\"url\":\"https:\/\/pizzaioloscoffee.com\/\",\"logo\":{\"@type\":\"ImageObject\",\"inLanguage\":\"en-GB\",\"@id\":\"https:\/\/pizzaioloscoffee.com\/#\/schema\/logo\/image\/\",\"url\":\"https:\/\/pizzaioloscoffee.com\/wp-content\/uploads\/2023\/05\/PIZZAIOLO-LOGO-REDONDO-transparente-e1683277847388.png\",\"contentUrl\":\"https:\/\/pizzaioloscoffee.com\/wp-content\/uploads\/2023\/05\/PIZZAIOLO-LOGO-REDONDO-transparente-e1683277847388.png\",\"width\":1080,\"height\":1156,\"caption\":\"Pizzaiolo's Coffee\"},\"image\":{\"@id\":\"https:\/\/pizzaioloscoffee.com\/#\/schema\/logo\/image\/\"},\"sameAs\":[\"https:\/\/www.facebook.com\/pizzaioloscoffee\/\",\"https:\/\/www.instagram.com\/pizzaioloscoffee\/\"]}]}<\/script>\n<!-- \/ Yoast SEO plugin. -->","yoast_head_json":{"title":"La Terraza de Pizzaiolo\u00b4s Coffee","description":"La mejor terraza de Chiclana de la Frontera para disfrutar de los mejores platos de Pizzaiolo\u00b4s Coffee.","robots":{"index":"index","follow":"follow","max-snippet":"max-snippet:-1","max-image-preview":"max-image-preview:large","max-video-preview":"max-video-preview:-1"},"canonical":"https:\/\/pizzaioloscoffee.com\/en\/la-terraza\/","og_locale":"en_GB","og_type":"article","og_title":"La Terraza de Pizzaiolo\u00b4s Coffee","og_description":"La mejor terraza de Chiclana de la Frontera para disfrutar de los mejores platos de Pizzaiolo\u00b4s Coffee.","og_url":"https:\/\/pizzaioloscoffee.com\/en\/la-terraza\/","og_site_name":"Pizzaiolo&#039;s Coffee","article_publisher":"https:\/\/www.facebook.com\/pizzaioloscoffee\/","article_modified_time":"2023-06-14T07:36:21+00:00","twitter_card":"summary_large_image","twitter_misc":{"Estimated reading time":"3 minutes"},"schema":{"@context":"https:\/\/schema.org","@graph":[{"@type":"WebPage","@id":"https:\/\/pizzaioloscoffee.com\/la-terraza\/","url":"https:\/\/pizzaioloscoffee.com\/la-terraza\/","name":"La Terraza de Pizzaiolo\u00b4s Coffee","isPartOf":{"@id":"https:\/\/pizzaioloscoffee.com\/#website"},"datePublished":"2023-03-07T15:54:51+00:00","dateModified":"2023-06-14T07:36:21+00:00","description":"La mejor terraza de Chiclana de la Frontera para disfrutar de los mejores platos de Pizzaiolo\u00b4s Coffee.","breadcrumb":{"@id":"https:\/\/pizzaioloscoffee.com\/la-terraza\/#breadcrumb"},"inLanguage":"en-GB","potentialAction":[{"@type":"ReadAction","target":["https:\/\/pizzaioloscoffee.com\/la-terraza\/"]}]},{"@type":"BreadcrumbList","@id":"https:\/\/pizzaioloscoffee.com\/la-terraza\/#breadcrumb","itemListElement":[{"@type":"ListItem","position":1,"name":"Portada","item":"https:\/\/pizzaioloscoffee.com\/"},{"@type":"ListItem","position":2,"name":"La Terraza"}]},{"@type":"WebSite","@id":"https:\/\/pizzaioloscoffee.com\/#website","url":"https:\/\/pizzaioloscoffee.com\/","name":"Pizzaiolo's Coffee","description":"Pizzer\u00eda en Chiclana (C\u00e1diz) Pizzas al Horno de Le\u00f1a","publisher":{"@id":"https:\/\/pizzaioloscoffee.com\/#organization"},"potentialAction":[{"@type":"SearchAction","target":{"@type":"EntryPoint","urlTemplate":"https:\/\/pizzaioloscoffee.com\/?s={search_term_string}"},"query-input":{"@type":"PropertyValueSpecification","valueRequired":true,"valueName":"search_term_string"}}],"inLanguage":"en-GB"},{"@type":"Organization","@id":"https:\/\/pizzaioloscoffee.com\/#organization","name":"Pizzaiolo's Coffee","url":"https:\/\/pizzaioloscoffee.com\/","logo":{"@type":"ImageObject","inLanguage":"en-GB","@id":"https:\/\/pizzaioloscoffee.com\/#\/schema\/logo\/image\/","url":"https:\/\/pizzaioloscoffee.com\/wp-content\/uploads\/2023\/05\/PIZZAIOLO-LOGO-REDONDO-transparente-e1683277847388.png","contentUrl":"https:\/\/pizzaioloscoffee.com\/wp-content\/uploads\/2023\/05\/PIZZAIOLO-LOGO-REDONDO-transparente-e1683277847388.png","width":1080,"height":1156,"caption":"Pizzaiolo's Coffee"},"image":{"@id":"https:\/\/pizzaioloscoffee.com\/#\/schema\/logo\/image\/"},"sameAs":["https:\/\/www.facebook.com\/pizzaioloscoffee\/","https:\/\/www.instagram.com\/pizzaioloscoffee\/"]}]}},"_links":{"self":[{"href":"https:\/\/pizzaioloscoffee.com\/en\/wp-json\/wp\/v2\/pages\/193","targetHints":{"allow":["GET"]}}],"collection":[{"href":"https:\/\/pizzaioloscoffee.com\/en\/wp-json\/wp\/v2\/pages"}],"about":[{"href":"https:\/\/pizzaioloscoffee.com\/en\/wp-json\/wp\/v2\/types\/page"}],"author":[{"embeddable":true,"href":"https:\/\/pizzaioloscoffee.com\/en\/wp-json\/wp\/v2\/users\/1"}],"replies":[{"embeddable":true,"href":"https:\/\/pizzaioloscoffee.com\/en\/wp-json\/wp\/v2\/comments?post=193"}],"version-history":[{"count":21,"href":"https:\/\/pizzaioloscoffee.com\/en\/wp-json\/wp\/v2\/pages\/193\/revisions"}],"predecessor-version":[{"id":400,"href":"https:\/\/pizzaioloscoffee.com\/en\/wp-json\/wp\/v2\/pages\/193\/revisions\/400"}],"wp:attachment":[{"href":"https:\/\/pizzaioloscoffee.com\/en\/wp-json\/wp\/v2\/media?parent=193"}],"curies":[{"name":"wp","href":"https:\/\/api.w.org\/{rel}","templated":true}]}}