{"id":124,"date":"2023-02-08T10:08:59","date_gmt":"2023-02-08T10:08:59","guid":{"rendered":"https:\/\/gemeloonline.es\/?page_id=124"},"modified":"2025-07-11T08:50:55","modified_gmt":"2025-07-11T08:50:55","slug":"contacto","status":"publish","type":"page","link":"https:\/\/pizzaioloscoffee.com\/en\/contacto\/","title":{"rendered":"Contact us"},"content":{"rendered":"<p>[et_pb_section fb_built=\u00bb1&#8243; admin_label=\u00bbContact\u00bb _builder_version=\u00bb4.18.0&#8243; _module_preset=\u00bbdefault\u00bb background_enable_image=\u00bboff\u00bb background_size=\u00bbcontain\u00bb background_position=\u00bbtop_center\u00bb locked=\u00bboff\u00bb global_colors_info=\u00bb{}\u00bb][et_pb_row _builder_version=\u00bb4.16&#8243; _module_preset=\u00bbdefault\u00bb global_colors_info=\u00bb{}\u00bb][et_pb_column type=\u00bb4_4&#8243; _builder_version=\u00bb4.16&#8243; _module_preset=\u00bbdefault\u00bb z_index=\u00bb10&#8243; global_colors_info=\u00bb{}\u00bb][et_pb_text _builder_version=\u00bb4.18.0&#8243; _module_preset=\u00bbdefault\u00bb header_font=\u00bbPoiret One|700||on|||||\u00bb header_font_size=\u00bb80px\u00bb header_letter_spacing=\u00bb12px\u00bb header_line_height=\u00bb1.1em\u00bb custom_margin_tablet=\u00bb|0vw|||false|false\u00bb custom_margin_last_edited=\u00bboff|desktop\u00bb custom_padding=\u00bb||||false|false\u00bb header_font_size_tablet=\u00bb60px\u00bb header_font_size_phone=\u00bb40px\u00bb header_font_size_last_edited=\u00bbon|tablet\u00bb global_colors_info=\u00bb{}\u00bb]<\/p>\n<h1>Contacta con nosotros<\/h1>\n<p>[\/et_pb_text][\/et_pb_column][\/et_pb_row][et_pb_row column_structure=\u00bb1_2,1_2&#8243; _builder_version=\u00bb4.27.4&#8243; _module_preset=\u00bbdefault\u00bb custom_margin_tablet=\u00bb0px||||false|false\u00bb custom_margin_phone=\u00bb\u00bb custom_margin_last_edited=\u00bbon|phone\u00bb hover_enabled=\u00bb0&#8243; global_colors_info=\u00bb{}\u00bb custom_margin__hover_enabled=\u00bboff|desktop\u00bb make_equal=\u00bbon\u00bb sticky_enabled=\u00bb0&#8243;][et_pb_column type=\u00bb1_2&#8243; _builder_version=\u00bb4.16&#8243; _module_preset=\u00bbdefault\u00bb global_colors_info=\u00bb{}\u00bb][et_pb_image src=\u00bbhttps:\/\/pizzaioloscoffee.com\/wp-content\/uploads\/2023\/10\/maps-pizzaiolo.png\u00bb title_text=\u00bbmaps pizzaiolo\u00bb url=\u00bbhttps:\/\/maps.app.goo.gl\/meWYq7jyxzshcqBz8&#8243; url_new_window=\u00bbon\u00bb _builder_version=\u00bb4.22.2&#8243; _module_preset=\u00bbdefault\u00bb global_colors_info=\u00bb{}\u00bb][\/et_pb_image][\/et_pb_column][et_pb_column type=\u00bb1_2&#8243; _builder_version=\u00bb4.16&#8243; _module_preset=\u00bbdefault\u00bb global_colors_info=\u00bb{}\u00bb][et_pb_text _builder_version=\u00bb4.27.4&#8243; _module_preset=\u00bbdefault\u00bb text_font=\u00bbMontserrat|700|||||||\u00bb text_text_color=\u00bb#f87223&#8243; text_font_size=\u00bb40px\u00bb text_line_height=\u00bb1.4em\u00bb header_4_font=\u00bb|700||on|||||\u00bb header_4_font_size=\u00bb14px\u00bb header_4_letter_spacing=\u00bb4px\u00bb header_4_line_height=\u00bb1.4em\u00bb hover_enabled=\u00bb0&#8243; text_font_size_tablet=\u00bb40px\u00bb text_font_size_phone=\u00bb30px\u00bb text_font_size_last_edited=\u00bbon|phone\u00bb locked=\u00bboff\u00bb global_colors_info=\u00bb{}\u00bb sticky_enabled=\u00bb0&#8243;]<\/p>\n<p>Ll\u00e1manos al 617333032<\/p>\n<p>[\/et_pb_text][\/et_pb_column][\/et_pb_row][\/et_pb_section][et_pb_section fb_built=\u00bb1&#8243; _builder_version=\u00bb4.20.1&#8243; _module_preset=\u00bbdefault\u00bb global_colors_info=\u00bb{}\u00bb][et_pb_row column_structure=\u00bb1_2,1_2&#8243; _builder_version=\u00bb4.20.1&#8243; _module_preset=\u00bbdefault\u00bb global_colors_info=\u00bb{}\u00bb][et_pb_column type=\u00bb1_2&#8243; _builder_version=\u00bb4.20.1&#8243; _module_preset=\u00bbdefault\u00bb global_colors_info=\u00bb{}\u00bb][et_pb_image src=\u00bbhttps:\/\/pizzaioloscoffee.com\/wp-content\/uploads\/2023\/05\/Logo-Plan-de-RecuperacionTransformacion-y-Resiliencia.jpeg\u00bb alt=\u00bbLogo Plan de Recuperaci\u00f3n, Transformaci\u00f3n y Resiliencia\u00bb title_text=\u00bbLogo Plan de Recuperaci\u00f3n, Transformaci\u00f3n y Resiliencia\u00bb align=\u00bbright\u00bb _builder_version=\u00bb4.21.0&#8243; _module_preset=\u00bbdefault\u00bb width=\u00bb53%\u00bb global_colors_info=\u00bb{}\u00bb][\/et_pb_image][\/et_pb_column][et_pb_column type=\u00bb1_2&#8243; _builder_version=\u00bb4.20.1&#8243; _module_preset=\u00bbdefault\u00bb global_colors_info=\u00bb{}\u00bb][et_pb_image src=\u00bbhttps:\/\/pizzaioloscoffee.com\/wp-content\/uploads\/2023\/05\/Logo-Next-Generation-EU.jpeg\u00bb alt=\u00bbLogo Next Generation EU\u00bb title_text=\u00bbLogo Next Generation EU\u00bb _builder_version=\u00bb4.21.0&#8243; _module_preset=\u00bbdefault\u00bb width=\u00bb90%\u00bb global_colors_info=\u00bb{}\u00bb][\/et_pb_image][\/et_pb_column][\/et_pb_row][\/et_pb_section]<\/p>\n","protected":false},"excerpt":{"rendered":"<p>Contacta con nosotrosLl\u00e1manos al 617333032<\/p>","protected":false},"author":1,"featured_media":0,"parent":0,"menu_order":0,"comment_status":"closed","ping_status":"closed","template":"","meta":{"_et_pb_use_builder":"on","_et_pb_old_content":"","_et_gb_content_width":"","footnotes":""},"class_list":["post-124","page","type-page","status-publish","hentry"],"yoast_head":"<!-- This site is optimized with the Yoast SEO plugin v27.0 - https:\/\/yoast.com\/product\/yoast-seo-wordpress\/ -->\n<title>Cont\u00e1ctanos | Pizzaiolo\u00b4s Coffee<\/title>\n<meta name=\"description\" content=\"Si tienes cualquier duda, cont\u00e1ctanos y desde Pizzaiolo\u00b4s Coffee estaremos encantados de atenderle.\" \/>\n<meta name=\"robots\" content=\"index, follow, max-snippet:-1, max-image-preview:large, max-video-preview:-1\" \/>\n<link rel=\"canonical\" href=\"https:\/\/pizzaioloscoffee.com\/en\/contacto\/\" \/>\n<meta property=\"og:locale\" content=\"en_GB\" \/>\n<meta property=\"og:type\" content=\"article\" \/>\n<meta property=\"og:title\" content=\"Cont\u00e1ctanos | Pizzaiolo\u00b4s Coffee\" \/>\n<meta property=\"og:description\" content=\"Si tienes cualquier duda, cont\u00e1ctanos y desde Pizzaiolo\u00b4s Coffee estaremos encantados de atenderle.\" \/>\n<meta property=\"og:url\" content=\"https:\/\/pizzaioloscoffee.com\/en\/contacto\/\" \/>\n<meta property=\"og:site_name\" content=\"Pizzaiolo&#039;s Coffee\" \/>\n<meta property=\"article:publisher\" content=\"https:\/\/www.facebook.com\/pizzaioloscoffee\/\" \/>\n<meta property=\"article:modified_time\" content=\"2025-07-11T08:50:55+00:00\" \/>\n<meta name=\"twitter:card\" content=\"summary_large_image\" \/>\n<meta name=\"twitter:label1\" content=\"Estimated reading time\" \/>\n\t<meta name=\"twitter:data1\" content=\"2 minutes\" \/>\n<script type=\"application\/ld+json\" class=\"yoast-schema-graph\">{\"@context\":\"https:\/\/schema.org\",\"@graph\":[{\"@type\":\"WebPage\",\"@id\":\"https:\/\/pizzaioloscoffee.com\/contacto\/\",\"url\":\"https:\/\/pizzaioloscoffee.com\/contacto\/\",\"name\":\"Cont\u00e1ctanos | Pizzaiolo\u00b4s Coffee\",\"isPartOf\":{\"@id\":\"https:\/\/pizzaioloscoffee.com\/#website\"},\"datePublished\":\"2023-02-08T10:08:59+00:00\",\"dateModified\":\"2025-07-11T08:50:55+00:00\",\"description\":\"Si tienes cualquier duda, cont\u00e1ctanos y desde Pizzaiolo\u00b4s Coffee estaremos encantados de atenderle.\",\"breadcrumb\":{\"@id\":\"https:\/\/pizzaioloscoffee.com\/contacto\/#breadcrumb\"},\"inLanguage\":\"en-GB\",\"potentialAction\":[{\"@type\":\"ReadAction\",\"target\":[\"https:\/\/pizzaioloscoffee.com\/contacto\/\"]}]},{\"@type\":\"BreadcrumbList\",\"@id\":\"https:\/\/pizzaioloscoffee.com\/contacto\/#breadcrumb\",\"itemListElement\":[{\"@type\":\"ListItem\",\"position\":1,\"name\":\"Portada\",\"item\":\"https:\/\/pizzaioloscoffee.com\/\"},{\"@type\":\"ListItem\",\"position\":2,\"name\":\"Contacto\"}]},{\"@type\":\"WebSite\",\"@id\":\"https:\/\/pizzaioloscoffee.com\/#website\",\"url\":\"https:\/\/pizzaioloscoffee.com\/\",\"name\":\"Pizzaiolo's Coffee\",\"description\":\"Pizzer\u00eda en Chiclana (C\u00e1diz) Pizzas al Horno de Le\u00f1a\",\"publisher\":{\"@id\":\"https:\/\/pizzaioloscoffee.com\/#organization\"},\"potentialAction\":[{\"@type\":\"SearchAction\",\"target\":{\"@type\":\"EntryPoint\",\"urlTemplate\":\"https:\/\/pizzaioloscoffee.com\/?s={search_term_string}\"},\"query-input\":{\"@type\":\"PropertyValueSpecification\",\"valueRequired\":true,\"valueName\":\"search_term_string\"}}],\"inLanguage\":\"en-GB\"},{\"@type\":\"Organization\",\"@id\":\"https:\/\/pizzaioloscoffee.com\/#organization\",\"name\":\"Pizzaiolo's Coffee\",\"url\":\"https:\/\/pizzaioloscoffee.com\/\",\"logo\":{\"@type\":\"ImageObject\",\"inLanguage\":\"en-GB\",\"@id\":\"https:\/\/pizzaioloscoffee.com\/#\/schema\/logo\/image\/\",\"url\":\"https:\/\/pizzaioloscoffee.com\/wp-content\/uploads\/2023\/05\/PIZZAIOLO-LOGO-REDONDO-transparente-e1683277847388.png\",\"contentUrl\":\"https:\/\/pizzaioloscoffee.com\/wp-content\/uploads\/2023\/05\/PIZZAIOLO-LOGO-REDONDO-transparente-e1683277847388.png\",\"width\":1080,\"height\":1156,\"caption\":\"Pizzaiolo's Coffee\"},\"image\":{\"@id\":\"https:\/\/pizzaioloscoffee.com\/#\/schema\/logo\/image\/\"},\"sameAs\":[\"https:\/\/www.facebook.com\/pizzaioloscoffee\/\",\"https:\/\/www.instagram.com\/pizzaioloscoffee\/\"]}]}<\/script>\n<!-- \/ Yoast SEO plugin. -->","yoast_head_json":{"title":"Cont\u00e1ctanos | Pizzaiolo\u00b4s Coffee","description":"Si tienes cualquier duda, cont\u00e1ctanos y desde Pizzaiolo\u00b4s Coffee estaremos encantados de atenderle.","robots":{"index":"index","follow":"follow","max-snippet":"max-snippet:-1","max-image-preview":"max-image-preview:large","max-video-preview":"max-video-preview:-1"},"canonical":"https:\/\/pizzaioloscoffee.com\/en\/contacto\/","og_locale":"en_GB","og_type":"article","og_title":"Cont\u00e1ctanos | Pizzaiolo\u00b4s Coffee","og_description":"Si tienes cualquier duda, cont\u00e1ctanos y desde Pizzaiolo\u00b4s Coffee estaremos encantados de atenderle.","og_url":"https:\/\/pizzaioloscoffee.com\/en\/contacto\/","og_site_name":"Pizzaiolo&#039;s Coffee","article_publisher":"https:\/\/www.facebook.com\/pizzaioloscoffee\/","article_modified_time":"2025-07-11T08:50:55+00:00","twitter_card":"summary_large_image","twitter_misc":{"Estimated reading time":"2 minutes"},"schema":{"@context":"https:\/\/schema.org","@graph":[{"@type":"WebPage","@id":"https:\/\/pizzaioloscoffee.com\/contacto\/","url":"https:\/\/pizzaioloscoffee.com\/contacto\/","name":"Cont\u00e1ctanos | Pizzaiolo\u00b4s Coffee","isPartOf":{"@id":"https:\/\/pizzaioloscoffee.com\/#website"},"datePublished":"2023-02-08T10:08:59+00:00","dateModified":"2025-07-11T08:50:55+00:00","description":"Si tienes cualquier duda, cont\u00e1ctanos y desde Pizzaiolo\u00b4s Coffee estaremos encantados de atenderle.","breadcrumb":{"@id":"https:\/\/pizzaioloscoffee.com\/contacto\/#breadcrumb"},"inLanguage":"en-GB","potentialAction":[{"@type":"ReadAction","target":["https:\/\/pizzaioloscoffee.com\/contacto\/"]}]},{"@type":"BreadcrumbList","@id":"https:\/\/pizzaioloscoffee.com\/contacto\/#breadcrumb","itemListElement":[{"@type":"ListItem","position":1,"name":"Portada","item":"https:\/\/pizzaioloscoffee.com\/"},{"@type":"ListItem","position":2,"name":"Contacto"}]},{"@type":"WebSite","@id":"https:\/\/pizzaioloscoffee.com\/#website","url":"https:\/\/pizzaioloscoffee.com\/","name":"Pizzaiolo's Coffee","description":"Pizzer\u00eda en Chiclana (C\u00e1diz) Pizzas al Horno de Le\u00f1a","publisher":{"@id":"https:\/\/pizzaioloscoffee.com\/#organization"},"potentialAction":[{"@type":"SearchAction","target":{"@type":"EntryPoint","urlTemplate":"https:\/\/pizzaioloscoffee.com\/?s={search_term_string}"},"query-input":{"@type":"PropertyValueSpecification","valueRequired":true,"valueName":"search_term_string"}}],"inLanguage":"en-GB"},{"@type":"Organization","@id":"https:\/\/pizzaioloscoffee.com\/#organization","name":"Pizzaiolo's Coffee","url":"https:\/\/pizzaioloscoffee.com\/","logo":{"@type":"ImageObject","inLanguage":"en-GB","@id":"https:\/\/pizzaioloscoffee.com\/#\/schema\/logo\/image\/","url":"https:\/\/pizzaioloscoffee.com\/wp-content\/uploads\/2023\/05\/PIZZAIOLO-LOGO-REDONDO-transparente-e1683277847388.png","contentUrl":"https:\/\/pizzaioloscoffee.com\/wp-content\/uploads\/2023\/05\/PIZZAIOLO-LOGO-REDONDO-transparente-e1683277847388.png","width":1080,"height":1156,"caption":"Pizzaiolo's Coffee"},"image":{"@id":"https:\/\/pizzaioloscoffee.com\/#\/schema\/logo\/image\/"},"sameAs":["https:\/\/www.facebook.com\/pizzaioloscoffee\/","https:\/\/www.instagram.com\/pizzaioloscoffee\/"]}]}},"_links":{"self":[{"href":"https:\/\/pizzaioloscoffee.com\/en\/wp-json\/wp\/v2\/pages\/124","targetHints":{"allow":["GET"]}}],"collection":[{"href":"https:\/\/pizzaioloscoffee.com\/en\/wp-json\/wp\/v2\/pages"}],"about":[{"href":"https:\/\/pizzaioloscoffee.com\/en\/wp-json\/wp\/v2\/types\/page"}],"author":[{"embeddable":true,"href":"https:\/\/pizzaioloscoffee.com\/en\/wp-json\/wp\/v2\/users\/1"}],"replies":[{"embeddable":true,"href":"https:\/\/pizzaioloscoffee.com\/en\/wp-json\/wp\/v2\/comments?post=124"}],"version-history":[{"count":15,"href":"https:\/\/pizzaioloscoffee.com\/en\/wp-json\/wp\/v2\/pages\/124\/revisions"}],"predecessor-version":[{"id":535,"href":"https:\/\/pizzaioloscoffee.com\/en\/wp-json\/wp\/v2\/pages\/124\/revisions\/535"}],"wp:attachment":[{"href":"https:\/\/pizzaioloscoffee.com\/en\/wp-json\/wp\/v2\/media?parent=124"}],"curies":[{"name":"wp","href":"https:\/\/api.w.org\/{rel}","templated":true}]}}