{"id":122,"date":"2023-02-08T10:03:42","date_gmt":"2023-02-08T10:03:42","guid":{"rendered":"https:\/\/gemeloonline.es\/?page_id=122"},"modified":"2023-07-14T10:40:32","modified_gmt":"2023-07-14T10:40:32","slug":"blog","status":"publish","type":"page","link":"https:\/\/pizzaioloscoffee.com\/en\/blog\/","title":{"rendered":"Blog"},"content":{"rendered":"<p>[et_pb_section fb_built=\u00bb1&#8243; theme_builder_area=\u00bbpost_content\u00bb _builder_version=\u00bb4.21.0&#8243; _module_preset=\u00bbdefault\u00bb][et_pb_row _builder_version=\u00bb4.21.0&#8243; _module_preset=\u00bbdefault\u00bb theme_builder_area=\u00bbpost_content\u00bb][et_pb_column _builder_version=\u00bb4.21.0&#8243; _module_preset=\u00bbdefault\u00bb type=\u00bb4_4&#8243; theme_builder_area=\u00bbpost_content\u00bb][et_pb_text _builder_version=\u00bb4.21.0&#8243; _module_preset=\u00bbdefault\u00bb theme_builder_area=\u00bbpost_content\u00bb hover_enabled=\u00bb0&#8243; sticky_enabled=\u00bb0&#8243; header_font=\u00bbMontserrat|900|||||||\u00bb header_text_align=\u00bbcenter\u00bb header_font_size=\u00bb40px\u00bb]<\/p>\n<h1 style=\"text-align: center;\"><strong>BLOG DE PIZZAIOLO CHICLANA<\/strong><\/h1>\n<p>[\/et_pb_text][\/et_pb_column][\/et_pb_row][et_pb_row _builder_version=\u00bb4.21.0&#8243; _module_preset=\u00bbdefault\u00bb theme_builder_area=\u00bbpost_content\u00bb][et_pb_column _builder_version=\u00bb4.21.0&#8243; _module_preset=\u00bbdefault\u00bb type=\u00bb4_4&#8243; theme_builder_area=\u00bbpost_content\u00bb hover_enabled=\u00bb0&#8243; sticky_enabled=\u00bb0&#8243;][et_pb_blog _builder_version=\u00bb4.21.0&#8243; _module_preset=\u00bbdefault\u00bb theme_builder_area=\u00bbpost_content\u00bb posts_number=\u00bb3&#8243; include_categories=\u00bball\u00bb hover_enabled=\u00bb0&#8243; sticky_enabled=\u00bb0&#8243; show_categories=\u00bboff\u00bb][\/et_pb_blog][\/et_pb_column][\/et_pb_row][\/et_pb_section][et_pb_section fb_built=\u00bb1&#8243; fullwidth=\u00bbon\u00bb theme_builder_area=\u00bbpost_content\u00bb _builder_version=\u00bb4.21.0&#8243; _module_preset=\u00bbdefault\u00bb][\/et_pb_section][et_pb_section fb_built=\u00bb1&#8243; fullwidth=\u00bbon\u00bb theme_builder_area=\u00bbpost_content\u00bb _builder_version=\u00bb4.21.0&#8243; _module_preset=\u00bbdefault\u00bb][\/et_pb_section]<\/p>\n","protected":false},"excerpt":{"rendered":"<p>BLOG DE PIZZAIOLO CHICLANA<\/p>","protected":false},"author":1,"featured_media":0,"parent":0,"menu_order":0,"comment_status":"closed","ping_status":"closed","template":"","meta":{"_et_pb_use_builder":"on","_et_pb_old_content":"","_et_gb_content_width":"","footnotes":""},"class_list":["post-122","page","type-page","status-publish","hentry"],"yoast_head":"<!-- This site is optimized with the Yoast SEO plugin v27.0 - https:\/\/yoast.com\/product\/yoast-seo-wordpress\/ -->\n<title>Blog - Pizzaiolo&#039;s Coffee<\/title>\n<meta name=\"robots\" content=\"index, follow, max-snippet:-1, max-image-preview:large, max-video-preview:-1\" \/>\n<link rel=\"canonical\" href=\"https:\/\/pizzaioloscoffee.com\/en\/blog\/\" \/>\n<meta property=\"og:locale\" content=\"en_GB\" \/>\n<meta property=\"og:type\" content=\"article\" \/>\n<meta property=\"og:title\" content=\"Blog - Pizzaiolo&#039;s Coffee\" \/>\n<meta property=\"og:description\" content=\"BLOG DE PIZZAIOLO CHICLANA\" \/>\n<meta property=\"og:url\" content=\"https:\/\/pizzaioloscoffee.com\/en\/blog\/\" \/>\n<meta property=\"og:site_name\" content=\"Pizzaiolo&#039;s Coffee\" \/>\n<meta property=\"article:publisher\" content=\"https:\/\/www.facebook.com\/pizzaioloscoffee\/\" \/>\n<meta property=\"article:modified_time\" content=\"2023-07-14T10:40:32+00:00\" \/>\n<meta name=\"twitter:card\" content=\"summary_large_image\" \/>\n<script type=\"application\/ld+json\" class=\"yoast-schema-graph\">{\"@context\":\"https:\/\/schema.org\",\"@graph\":[{\"@type\":\"WebPage\",\"@id\":\"https:\/\/pizzaioloscoffee.com\/blog\/\",\"url\":\"https:\/\/pizzaioloscoffee.com\/blog\/\",\"name\":\"Blog - Pizzaiolo&#039;s Coffee\",\"isPartOf\":{\"@id\":\"https:\/\/pizzaioloscoffee.com\/#website\"},\"datePublished\":\"2023-02-08T10:03:42+00:00\",\"dateModified\":\"2023-07-14T10:40:32+00:00\",\"breadcrumb\":{\"@id\":\"https:\/\/pizzaioloscoffee.com\/blog\/#breadcrumb\"},\"inLanguage\":\"en-GB\",\"potentialAction\":[{\"@type\":\"ReadAction\",\"target\":[\"https:\/\/pizzaioloscoffee.com\/blog\/\"]}]},{\"@type\":\"BreadcrumbList\",\"@id\":\"https:\/\/pizzaioloscoffee.com\/blog\/#breadcrumb\",\"itemListElement\":[{\"@type\":\"ListItem\",\"position\":1,\"name\":\"Portada\",\"item\":\"https:\/\/pizzaioloscoffee.com\/\"},{\"@type\":\"ListItem\",\"position\":2,\"name\":\"Blog\"}]},{\"@type\":\"WebSite\",\"@id\":\"https:\/\/pizzaioloscoffee.com\/#website\",\"url\":\"https:\/\/pizzaioloscoffee.com\/\",\"name\":\"Pizzaiolo's Coffee\",\"description\":\"Pizzer\u00eda en Chiclana (C\u00e1diz) Pizzas al Horno de Le\u00f1a\",\"publisher\":{\"@id\":\"https:\/\/pizzaioloscoffee.com\/#organization\"},\"potentialAction\":[{\"@type\":\"SearchAction\",\"target\":{\"@type\":\"EntryPoint\",\"urlTemplate\":\"https:\/\/pizzaioloscoffee.com\/?s={search_term_string}\"},\"query-input\":{\"@type\":\"PropertyValueSpecification\",\"valueRequired\":true,\"valueName\":\"search_term_string\"}}],\"inLanguage\":\"en-GB\"},{\"@type\":\"Organization\",\"@id\":\"https:\/\/pizzaioloscoffee.com\/#organization\",\"name\":\"Pizzaiolo's Coffee\",\"url\":\"https:\/\/pizzaioloscoffee.com\/\",\"logo\":{\"@type\":\"ImageObject\",\"inLanguage\":\"en-GB\",\"@id\":\"https:\/\/pizzaioloscoffee.com\/#\/schema\/logo\/image\/\",\"url\":\"https:\/\/pizzaioloscoffee.com\/wp-content\/uploads\/2023\/05\/PIZZAIOLO-LOGO-REDONDO-transparente-e1683277847388.png\",\"contentUrl\":\"https:\/\/pizzaioloscoffee.com\/wp-content\/uploads\/2023\/05\/PIZZAIOLO-LOGO-REDONDO-transparente-e1683277847388.png\",\"width\":1080,\"height\":1156,\"caption\":\"Pizzaiolo's Coffee\"},\"image\":{\"@id\":\"https:\/\/pizzaioloscoffee.com\/#\/schema\/logo\/image\/\"},\"sameAs\":[\"https:\/\/www.facebook.com\/pizzaioloscoffee\/\",\"https:\/\/www.instagram.com\/pizzaioloscoffee\/\"]}]}<\/script>\n<!-- \/ Yoast SEO plugin. -->","yoast_head_json":{"title":"Blog - Pizzaiolo&#039;s Coffee","robots":{"index":"index","follow":"follow","max-snippet":"max-snippet:-1","max-image-preview":"max-image-preview:large","max-video-preview":"max-video-preview:-1"},"canonical":"https:\/\/pizzaioloscoffee.com\/en\/blog\/","og_locale":"en_GB","og_type":"article","og_title":"Blog - Pizzaiolo&#039;s Coffee","og_description":"BLOG DE PIZZAIOLO CHICLANA","og_url":"https:\/\/pizzaioloscoffee.com\/en\/blog\/","og_site_name":"Pizzaiolo&#039;s Coffee","article_publisher":"https:\/\/www.facebook.com\/pizzaioloscoffee\/","article_modified_time":"2023-07-14T10:40:32+00:00","twitter_card":"summary_large_image","schema":{"@context":"https:\/\/schema.org","@graph":[{"@type":"WebPage","@id":"https:\/\/pizzaioloscoffee.com\/blog\/","url":"https:\/\/pizzaioloscoffee.com\/blog\/","name":"Blog - Pizzaiolo&#039;s Coffee","isPartOf":{"@id":"https:\/\/pizzaioloscoffee.com\/#website"},"datePublished":"2023-02-08T10:03:42+00:00","dateModified":"2023-07-14T10:40:32+00:00","breadcrumb":{"@id":"https:\/\/pizzaioloscoffee.com\/blog\/#breadcrumb"},"inLanguage":"en-GB","potentialAction":[{"@type":"ReadAction","target":["https:\/\/pizzaioloscoffee.com\/blog\/"]}]},{"@type":"BreadcrumbList","@id":"https:\/\/pizzaioloscoffee.com\/blog\/#breadcrumb","itemListElement":[{"@type":"ListItem","position":1,"name":"Portada","item":"https:\/\/pizzaioloscoffee.com\/"},{"@type":"ListItem","position":2,"name":"Blog"}]},{"@type":"WebSite","@id":"https:\/\/pizzaioloscoffee.com\/#website","url":"https:\/\/pizzaioloscoffee.com\/","name":"Pizzaiolo's Coffee","description":"Pizzer\u00eda en Chiclana (C\u00e1diz) Pizzas al Horno de Le\u00f1a","publisher":{"@id":"https:\/\/pizzaioloscoffee.com\/#organization"},"potentialAction":[{"@type":"SearchAction","target":{"@type":"EntryPoint","urlTemplate":"https:\/\/pizzaioloscoffee.com\/?s={search_term_string}"},"query-input":{"@type":"PropertyValueSpecification","valueRequired":true,"valueName":"search_term_string"}}],"inLanguage":"en-GB"},{"@type":"Organization","@id":"https:\/\/pizzaioloscoffee.com\/#organization","name":"Pizzaiolo's Coffee","url":"https:\/\/pizzaioloscoffee.com\/","logo":{"@type":"ImageObject","inLanguage":"en-GB","@id":"https:\/\/pizzaioloscoffee.com\/#\/schema\/logo\/image\/","url":"https:\/\/pizzaioloscoffee.com\/wp-content\/uploads\/2023\/05\/PIZZAIOLO-LOGO-REDONDO-transparente-e1683277847388.png","contentUrl":"https:\/\/pizzaioloscoffee.com\/wp-content\/uploads\/2023\/05\/PIZZAIOLO-LOGO-REDONDO-transparente-e1683277847388.png","width":1080,"height":1156,"caption":"Pizzaiolo's Coffee"},"image":{"@id":"https:\/\/pizzaioloscoffee.com\/#\/schema\/logo\/image\/"},"sameAs":["https:\/\/www.facebook.com\/pizzaioloscoffee\/","https:\/\/www.instagram.com\/pizzaioloscoffee\/"]}]}},"_links":{"self":[{"href":"https:\/\/pizzaioloscoffee.com\/en\/wp-json\/wp\/v2\/pages\/122","targetHints":{"allow":["GET"]}}],"collection":[{"href":"https:\/\/pizzaioloscoffee.com\/en\/wp-json\/wp\/v2\/pages"}],"about":[{"href":"https:\/\/pizzaioloscoffee.com\/en\/wp-json\/wp\/v2\/types\/page"}],"author":[{"embeddable":true,"href":"https:\/\/pizzaioloscoffee.com\/en\/wp-json\/wp\/v2\/users\/1"}],"replies":[{"embeddable":true,"href":"https:\/\/pizzaioloscoffee.com\/en\/wp-json\/wp\/v2\/comments?post=122"}],"version-history":[{"count":4,"href":"https:\/\/pizzaioloscoffee.com\/en\/wp-json\/wp\/v2\/pages\/122\/revisions"}],"predecessor-version":[{"id":415,"href":"https:\/\/pizzaioloscoffee.com\/en\/wp-json\/wp\/v2\/pages\/122\/revisions\/415"}],"wp:attachment":[{"href":"https:\/\/pizzaioloscoffee.com\/en\/wp-json\/wp\/v2\/media?parent=122"}],"curies":[{"name":"wp","href":"https:\/\/api.w.org\/{rel}","templated":true}]}}