{"id":120,"date":"2023-02-08T10:03:31","date_gmt":"2023-02-08T10:03:31","guid":{"rendered":"https:\/\/gemeloonline.es\/?page_id=120"},"modified":"2023-07-06T09:49:59","modified_gmt":"2023-07-06T09:49:59","slug":"sobre-nosotros","status":"publish","type":"page","link":"https:\/\/pizzaioloscoffee.com\/en\/sobre-nosotros\/","title":{"rendered":"About us"},"content":{"rendered":"<p>[et_pb_section fb_built=\u00bb1&#8243; admin_label=\u00bbAbout\u00bb _builder_version=\u00bb4.16&#8243; _module_preset=\u00bbdefault\u00bb background_image=\u00bbhttps:\/\/gemeloonline.es\/wp-content\/uploads\/2023\/02\/pizzeria_76.jpg\u00bb locked=\u00bboff\u00bb global_colors_info=\u00bb{}\u00bb][et_pb_row column_structure=\u00bb3_5,2_5&#8243; _builder_version=\u00bb4.18.0&#8243; _module_preset=\u00bbdefault\u00bb global_colors_info=\u00bb{}\u00bb][et_pb_column type=\u00bb3_5&#8243; _builder_version=\u00bb4.16&#8243; _module_preset=\u00bbdefault\u00bb z_index=\u00bb10&#8243; global_colors_info=\u00bb{}\u00bb][et_pb_text _builder_version=\u00bb4.21.0&#8243; _module_preset=\u00bbdefault\u00bb text_text_color=\u00bb#000000&#8243; header_font=\u00bbMontserrat|700||on|||||\u00bb header_font_size=\u00bb80px\u00bb header_letter_spacing=\u00bb12px\u00bb header_line_height=\u00bb1.1em\u00bb background_layout=\u00bbdark\u00bb custom_padding=\u00bb||||false|false\u00bb header_font_size_tablet=\u00bb60px\u00bb header_font_size_phone=\u00bb40px\u00bb header_font_size_last_edited=\u00bbon|tablet\u00bb global_colors_info=\u00bb{}\u00bb]<\/p>\n<h1><span style=\"font-size: xx-large; color: #000000;\">Nuestra historia<\/span><\/h1>\n<p>[\/et_pb_text][\/et_pb_column][et_pb_column type=\u00bb2_5&#8243; _builder_version=\u00bb4.16&#8243; _module_preset=\u00bbdefault\u00bb global_colors_info=\u00bb{}\u00bb][\/et_pb_column][\/et_pb_row][et_pb_row _builder_version=\u00bb4.21.0&#8243; _module_preset=\u00bbdefault\u00bb custom_padding=\u00bb||||false|false\u00bb hover_enabled=\u00bb0&#8243; global_colors_info=\u00bb{}\u00bb sticky_enabled=\u00bb0&#8243;][et_pb_column type=\u00bb4_4&#8243; _builder_version=\u00bb4.16&#8243; _module_preset=\u00bbdefault\u00bb global_colors_info=\u00bb{}\u00bb][et_pb_image src=\u00bbhttps:\/\/pizzaioloscoffee.com\/wp-content\/uploads\/2023\/05\/Pizza-con-masa-madre-de-solomillo.jpg\u00bb alt=\u00bbPizza de solomillo en Pizzaiolo&#8217;s Coffee\u00bb title_text=\u00bbPizza con masa madre de solomillo\u00bb _builder_version=\u00bb4.21.0&#8243; _module_preset=\u00bbdefault\u00bb hover_enabled=\u00bb0&#8243; global_colors_info=\u00bb{}\u00bb sticky_enabled=\u00bb0&#8243;][\/et_pb_image][\/et_pb_column][\/et_pb_row][et_pb_row column_structure=\u00bb2_5,3_5&#8243; make_equal=\u00bbon\u00bb _builder_version=\u00bb4.20.1&#8243; _module_preset=\u00bbdefault\u00bb background_enable_image=\u00bboff\u00bb background_size=\u00bbcontain\u00bb background_position=\u00bbbottom_left\u00bb max_width=\u00bb960px\u00bb global_colors_info=\u00bb{}\u00bb][et_pb_column type=\u00bb2_5&#8243; _builder_version=\u00bb4.16&#8243; _module_preset=\u00bbdefault\u00bb global_colors_info=\u00bb{}\u00bb][et_pb_text _builder_version=\u00bb4.20.1&#8243; _module_preset=\u00bbdefault\u00bb text_font=\u00bbMontserrat|700|||||||\u00bb text_text_color=\u00bb#000000&#8243; text_font_size=\u00bb24px\u00bb text_line_height=\u00bb1.8em\u00bb header_3_font=\u00bbMontserrat|700|||||||\u00bb header_3_text_color=\u00bb#000000&#8243; header_3_font_size=\u00bb48px\u00bb background_color=\u00bbrgba(224,175,74,0.85)\u00bb z_index=\u00bb1&#8243; custom_margin=\u00bb-100px||||false|false\u00bb custom_margin_tablet=\u00bb0px||||false|false\u00bb custom_margin_phone=\u00bb\u00bb custom_margin_last_edited=\u00bbon|phone\u00bb custom_padding=\u00bb60px|60px|60px|60px|true|true\u00bb custom_padding_tablet=\u00bb30px|30px|30px|30px|true|true\u00bb custom_padding_phone=\u00bb30px|20px|30px|20px|true|true\u00bb custom_padding_last_edited=\u00bbon|phone\u00bb text_font_size_tablet=\u00bb20px\u00bb text_font_size_phone=\u00bb16px\u00bb text_font_size_last_edited=\u00bbon|phone\u00bb header_3_font_size_tablet=\u00bb38px\u00bb header_3_font_size_phone=\u00bb26px\u00bb header_3_font_size_last_edited=\u00bbon|desktop\u00bb global_colors_info=\u00bb{}\u00bb]<\/p>\n<p>Desde<\/p>\n<h3>2007<\/h3>\n<p>[\/et_pb_text][et_pb_image src=\u00bbhttps:\/\/pizzaioloscoffee.com\/wp-content\/uploads\/2023\/05\/Ingredientes.png\u00bb title_text=\u00bbIngredientes\u00bb _builder_version=\u00bb4.21.0&#8243; _module_preset=\u00bbdefault\u00bb custom_margin=\u00bb-70px|||||\u00bb global_colors_info=\u00bb{}\u00bb][\/et_pb_image][\/et_pb_column][et_pb_column type=\u00bb3_5&#8243; _builder_version=\u00bb4.20.1&#8243; _module_preset=\u00bbdefault\u00bb global_colors_info=\u00bb{}\u00bb][et_pb_text _builder_version=\u00bb4.20.1&#8243; _module_preset=\u00bbdefault\u00bb header_2_font=\u00bbMontserrat|700||on|||||\u00bb header_2_font_size=\u00bb35px\u00bb header_2_letter_spacing=\u00bb6px\u00bb header_2_line_height=\u00bb1.2em\u00bb background_layout=\u00bbdark\u00bb header_2_font_size_tablet=\u00bb25px\u00bb header_2_font_size_phone=\u00bb19px\u00bb header_2_font_size_last_edited=\u00bbon|phone\u00bb global_colors_info=\u00bb{}\u00bb][\/et_pb_text][et_pb_text _builder_version=\u00bb4.21.0&#8243; _module_preset=\u00bbdefault\u00bb text_font=\u00bbMontserrat|300|on||||||\u00bb text_text_color=\u00bb#000000&#8243; text_font_size=\u00bb18px\u00bb text_line_height=\u00bb1.8em\u00bb background_layout=\u00bbdark\u00bb max_width=\u00bb600px\u00bb custom_margin=\u00bb||||false|false\u00bb text_font_size_tablet=\u00bb\u00bb text_font_size_phone=\u00bb16px\u00bb text_font_size_last_edited=\u00bbon|phone\u00bb global_colors_info=\u00bb{}\u00bb]<\/p>\n<p>\u00a1Bienvenidos a Pizzaiolo&#8217;s Coffee! Somos una pizzer\u00eda ubicada en la encantadora ciudad de Chiclana de la Frontera, dedicada a ofrecer <a href=\"https:\/\/pizzaioloscoffee.com\/wp-content\/uploads\/2023\/05\/carta-pizzaiolo.pdf\">la mejor pizza<\/a> al horno de le\u00f1a, elaborada con productos naturales y con masa madre.<\/p>\n<p>En Pizzaiolo&#8217;s Coffee nos apasiona la pizza y creemos en utilizar solo ingredientes naturales y locales de alta calidad. Desde la harina hasta los tomates, el queso y las carnes, seleccionamos cuidadosamente nuestros ingredientes para garantizar el mejor sabor y calidad en cada pizza que preparamos.<\/p>\n<p>Nuestra pizza se prepara en un horno de le\u00f1a, lo que le da ese sabor \u00fanico y aut\u00e9ntico que no se puede lograr con un horno convencional. Adem\u00e1s, utilizamos masa madre, una t\u00e9cnica de fermentaci\u00f3n natural que le da a nuestra pizza una textura suave y un sabor incre\u00edble.<\/p>\n<p>[\/et_pb_text][\/et_pb_column][\/et_pb_row][\/et_pb_section][et_pb_section fb_built=\u00bb1&#8243; admin_label=\u00bbAbout\u00bb _builder_version=\u00bb4.16&#8243; _module_preset=\u00bbdefault\u00bb background_image=\u00bbhttps:\/\/gemeloonline.es\/wp-content\/uploads\/2023\/02\/pizzeria_76.jpg\u00bb locked=\u00bboff\u00bb global_colors_info=\u00bb{}\u00bb][et_pb_row make_equal=\u00bbon\u00bb _builder_version=\u00bb4.16&#8243; _module_preset=\u00bbdefault\u00bb background_enable_image=\u00bboff\u00bb background_size=\u00bbcontain\u00bb background_position=\u00bbbottom_left\u00bb max_width=\u00bb960px\u00bb global_colors_info=\u00bb{}\u00bb][et_pb_column type=\u00bb4_4&#8243; _builder_version=\u00bb4.16&#8243; _module_preset=\u00bbdefault\u00bb global_colors_info=\u00bb{}\u00bb][et_pb_text _builder_version=\u00bb4.21.0&#8243; _module_preset=\u00bbdefault\u00bb text_font=\u00bbMontserrat|300|on||||||\u00bb text_text_color=\u00bb#000000&#8243; text_font_size=\u00bb18px\u00bb text_line_height=\u00bb1.8em\u00bb text_orientation=\u00bbjustified\u00bb background_layout=\u00bbdark\u00bb max_width=\u00bb600px\u00bb custom_margin=\u00bb||||false|false\u00bb text_font_size_tablet=\u00bb\u00bb text_font_size_phone=\u00bb16px\u00bb text_font_size_last_edited=\u00bbon|phone\u00bb global_colors_info=\u00bb{}\u00bb]<\/p>\n<p>&nbsp;<\/p>\n<p>En Pizzaiolo&#8217;s Coffee, queremos que cada experiencia sea \u00fanica y agradable para nuestros clientes. Ya sea que elijas disfrutar de una pizza en nuestro acogedor restaurante o prefieras llevarla a casa, siempre puedes estar seguro de que te estamos ofreciendo la mejor pizza posible.<\/p>\n<p>Desde nuestro equipo de expertos pizzeros hasta nuestro personal de servicio, todos trabajamos juntos para garantizar que su experiencia en Pizzaiolo&#8217;s Coffee sea excepcional en todos los sentidos.<\/p>\n<p>\u00a1Esperamos que disfrutes de nuestra pizza tanto como nosotros disfrutamos haci\u00e9ndola! Ven a visitarnos en Chiclana y experimenta la aut\u00e9ntica pizza italiana en Pizzaiolo&#8217;s Coffee.<\/p>\n<p>[\/et_pb_text][\/et_pb_column][\/et_pb_row][\/et_pb_section]<\/p>\n","protected":false},"excerpt":{"rendered":"<p>Nuestra historiaDesde 2007\u00a1Bienvenidos a Pizzaiolo&#8217;s Coffee! Somos una pizzer\u00eda ubicada en la encantadora ciudad de Chiclana de la Frontera, dedicada a ofrecer la mejor pizza al horno de le\u00f1a, elaborada con productos naturales y con masa madre. En Pizzaiolo&#8217;s Coffee nos apasiona la pizza y creemos en utilizar solo ingredientes naturales y locales de alta [&hellip;]<\/p>\n","protected":false},"author":1,"featured_media":0,"parent":0,"menu_order":0,"comment_status":"closed","ping_status":"closed","template":"","meta":{"_et_pb_use_builder":"on","_et_pb_old_content":"","_et_gb_content_width":"","footnotes":""},"class_list":["post-120","page","type-page","status-publish","hentry"],"yoast_head":"<!-- This site is optimized with the Yoast SEO plugin v27.0 - https:\/\/yoast.com\/product\/yoast-seo-wordpress\/ -->\n<title>Sobre nosotros - Pizzaiolo&#039;s Coffee<\/title>\n<meta name=\"description\" content=\"Somos una pizzer\u00eda ubicada en la ciudad de Chiclana de la Frontera, ofrecemos pizza al horno de le\u00f1a con masa madre e ingredientes naturales.\" \/>\n<meta name=\"robots\" content=\"index, follow, max-snippet:-1, max-image-preview:large, max-video-preview:-1\" \/>\n<link rel=\"canonical\" href=\"https:\/\/pizzaioloscoffee.com\/en\/sobre-nosotros\/\" \/>\n<meta property=\"og:locale\" content=\"en_GB\" \/>\n<meta property=\"og:type\" content=\"article\" \/>\n<meta property=\"og:title\" content=\"Sobre nosotros - Pizzaiolo&#039;s Coffee\" \/>\n<meta property=\"og:description\" content=\"Somos una pizzer\u00eda ubicada en la ciudad de Chiclana de la Frontera, ofrecemos pizza al horno de le\u00f1a con masa madre e ingredientes naturales.\" \/>\n<meta property=\"og:url\" content=\"https:\/\/pizzaioloscoffee.com\/en\/sobre-nosotros\/\" \/>\n<meta property=\"og:site_name\" content=\"Pizzaiolo&#039;s Coffee\" \/>\n<meta property=\"article:publisher\" content=\"https:\/\/www.facebook.com\/pizzaioloscoffee\/\" \/>\n<meta property=\"article:modified_time\" content=\"2023-07-06T09:49:59+00:00\" \/>\n<meta name=\"twitter:card\" content=\"summary_large_image\" \/>\n<meta name=\"twitter:label1\" content=\"Estimated reading time\" \/>\n\t<meta name=\"twitter:data1\" content=\"2 minutes\" \/>\n<script type=\"application\/ld+json\" class=\"yoast-schema-graph\">{\"@context\":\"https:\/\/schema.org\",\"@graph\":[{\"@type\":\"WebPage\",\"@id\":\"https:\/\/pizzaioloscoffee.com\/sobre-nosotros\/\",\"url\":\"https:\/\/pizzaioloscoffee.com\/sobre-nosotros\/\",\"name\":\"Sobre nosotros - Pizzaiolo&#039;s Coffee\",\"isPartOf\":{\"@id\":\"https:\/\/pizzaioloscoffee.com\/#website\"},\"datePublished\":\"2023-02-08T10:03:31+00:00\",\"dateModified\":\"2023-07-06T09:49:59+00:00\",\"description\":\"Somos una pizzer\u00eda ubicada en la ciudad de Chiclana de la Frontera, ofrecemos pizza al horno de le\u00f1a con masa madre e ingredientes naturales.\",\"breadcrumb\":{\"@id\":\"https:\/\/pizzaioloscoffee.com\/sobre-nosotros\/#breadcrumb\"},\"inLanguage\":\"en-GB\",\"potentialAction\":[{\"@type\":\"ReadAction\",\"target\":[\"https:\/\/pizzaioloscoffee.com\/sobre-nosotros\/\"]}]},{\"@type\":\"BreadcrumbList\",\"@id\":\"https:\/\/pizzaioloscoffee.com\/sobre-nosotros\/#breadcrumb\",\"itemListElement\":[{\"@type\":\"ListItem\",\"position\":1,\"name\":\"Portada\",\"item\":\"https:\/\/pizzaioloscoffee.com\/\"},{\"@type\":\"ListItem\",\"position\":2,\"name\":\"Sobre nosotros\"}]},{\"@type\":\"WebSite\",\"@id\":\"https:\/\/pizzaioloscoffee.com\/#website\",\"url\":\"https:\/\/pizzaioloscoffee.com\/\",\"name\":\"Pizzaiolo's Coffee\",\"description\":\"Pizzer\u00eda en Chiclana (C\u00e1diz) Pizzas al Horno de Le\u00f1a\",\"publisher\":{\"@id\":\"https:\/\/pizzaioloscoffee.com\/#organization\"},\"potentialAction\":[{\"@type\":\"SearchAction\",\"target\":{\"@type\":\"EntryPoint\",\"urlTemplate\":\"https:\/\/pizzaioloscoffee.com\/?s={search_term_string}\"},\"query-input\":{\"@type\":\"PropertyValueSpecification\",\"valueRequired\":true,\"valueName\":\"search_term_string\"}}],\"inLanguage\":\"en-GB\"},{\"@type\":\"Organization\",\"@id\":\"https:\/\/pizzaioloscoffee.com\/#organization\",\"name\":\"Pizzaiolo's Coffee\",\"url\":\"https:\/\/pizzaioloscoffee.com\/\",\"logo\":{\"@type\":\"ImageObject\",\"inLanguage\":\"en-GB\",\"@id\":\"https:\/\/pizzaioloscoffee.com\/#\/schema\/logo\/image\/\",\"url\":\"https:\/\/pizzaioloscoffee.com\/wp-content\/uploads\/2023\/05\/PIZZAIOLO-LOGO-REDONDO-transparente-e1683277847388.png\",\"contentUrl\":\"https:\/\/pizzaioloscoffee.com\/wp-content\/uploads\/2023\/05\/PIZZAIOLO-LOGO-REDONDO-transparente-e1683277847388.png\",\"width\":1080,\"height\":1156,\"caption\":\"Pizzaiolo's Coffee\"},\"image\":{\"@id\":\"https:\/\/pizzaioloscoffee.com\/#\/schema\/logo\/image\/\"},\"sameAs\":[\"https:\/\/www.facebook.com\/pizzaioloscoffee\/\",\"https:\/\/www.instagram.com\/pizzaioloscoffee\/\"]}]}<\/script>\n<!-- \/ Yoast SEO plugin. -->","yoast_head_json":{"title":"Sobre nosotros - Pizzaiolo&#039;s Coffee","description":"Somos una pizzer\u00eda ubicada en la ciudad de Chiclana de la Frontera, ofrecemos pizza al horno de le\u00f1a con masa madre e ingredientes naturales.","robots":{"index":"index","follow":"follow","max-snippet":"max-snippet:-1","max-image-preview":"max-image-preview:large","max-video-preview":"max-video-preview:-1"},"canonical":"https:\/\/pizzaioloscoffee.com\/en\/sobre-nosotros\/","og_locale":"en_GB","og_type":"article","og_title":"Sobre nosotros - Pizzaiolo&#039;s Coffee","og_description":"Somos una pizzer\u00eda ubicada en la ciudad de Chiclana de la Frontera, ofrecemos pizza al horno de le\u00f1a con masa madre e ingredientes naturales.","og_url":"https:\/\/pizzaioloscoffee.com\/en\/sobre-nosotros\/","og_site_name":"Pizzaiolo&#039;s Coffee","article_publisher":"https:\/\/www.facebook.com\/pizzaioloscoffee\/","article_modified_time":"2023-07-06T09:49:59+00:00","twitter_card":"summary_large_image","twitter_misc":{"Estimated reading time":"2 minutes"},"schema":{"@context":"https:\/\/schema.org","@graph":[{"@type":"WebPage","@id":"https:\/\/pizzaioloscoffee.com\/sobre-nosotros\/","url":"https:\/\/pizzaioloscoffee.com\/sobre-nosotros\/","name":"Sobre nosotros - Pizzaiolo&#039;s Coffee","isPartOf":{"@id":"https:\/\/pizzaioloscoffee.com\/#website"},"datePublished":"2023-02-08T10:03:31+00:00","dateModified":"2023-07-06T09:49:59+00:00","description":"Somos una pizzer\u00eda ubicada en la ciudad de Chiclana de la Frontera, ofrecemos pizza al horno de le\u00f1a con masa madre e ingredientes naturales.","breadcrumb":{"@id":"https:\/\/pizzaioloscoffee.com\/sobre-nosotros\/#breadcrumb"},"inLanguage":"en-GB","potentialAction":[{"@type":"ReadAction","target":["https:\/\/pizzaioloscoffee.com\/sobre-nosotros\/"]}]},{"@type":"BreadcrumbList","@id":"https:\/\/pizzaioloscoffee.com\/sobre-nosotros\/#breadcrumb","itemListElement":[{"@type":"ListItem","position":1,"name":"Portada","item":"https:\/\/pizzaioloscoffee.com\/"},{"@type":"ListItem","position":2,"name":"Sobre nosotros"}]},{"@type":"WebSite","@id":"https:\/\/pizzaioloscoffee.com\/#website","url":"https:\/\/pizzaioloscoffee.com\/","name":"Pizzaiolo's Coffee","description":"Pizzer\u00eda en Chiclana (C\u00e1diz) Pizzas al Horno de Le\u00f1a","publisher":{"@id":"https:\/\/pizzaioloscoffee.com\/#organization"},"potentialAction":[{"@type":"SearchAction","target":{"@type":"EntryPoint","urlTemplate":"https:\/\/pizzaioloscoffee.com\/?s={search_term_string}"},"query-input":{"@type":"PropertyValueSpecification","valueRequired":true,"valueName":"search_term_string"}}],"inLanguage":"en-GB"},{"@type":"Organization","@id":"https:\/\/pizzaioloscoffee.com\/#organization","name":"Pizzaiolo's Coffee","url":"https:\/\/pizzaioloscoffee.com\/","logo":{"@type":"ImageObject","inLanguage":"en-GB","@id":"https:\/\/pizzaioloscoffee.com\/#\/schema\/logo\/image\/","url":"https:\/\/pizzaioloscoffee.com\/wp-content\/uploads\/2023\/05\/PIZZAIOLO-LOGO-REDONDO-transparente-e1683277847388.png","contentUrl":"https:\/\/pizzaioloscoffee.com\/wp-content\/uploads\/2023\/05\/PIZZAIOLO-LOGO-REDONDO-transparente-e1683277847388.png","width":1080,"height":1156,"caption":"Pizzaiolo's Coffee"},"image":{"@id":"https:\/\/pizzaioloscoffee.com\/#\/schema\/logo\/image\/"},"sameAs":["https:\/\/www.facebook.com\/pizzaioloscoffee\/","https:\/\/www.instagram.com\/pizzaioloscoffee\/"]}]}},"_links":{"self":[{"href":"https:\/\/pizzaioloscoffee.com\/en\/wp-json\/wp\/v2\/pages\/120","targetHints":{"allow":["GET"]}}],"collection":[{"href":"https:\/\/pizzaioloscoffee.com\/en\/wp-json\/wp\/v2\/pages"}],"about":[{"href":"https:\/\/pizzaioloscoffee.com\/en\/wp-json\/wp\/v2\/types\/page"}],"author":[{"embeddable":true,"href":"https:\/\/pizzaioloscoffee.com\/en\/wp-json\/wp\/v2\/users\/1"}],"replies":[{"embeddable":true,"href":"https:\/\/pizzaioloscoffee.com\/en\/wp-json\/wp\/v2\/comments?post=120"}],"version-history":[{"count":27,"href":"https:\/\/pizzaioloscoffee.com\/en\/wp-json\/wp\/v2\/pages\/120\/revisions"}],"predecessor-version":[{"id":404,"href":"https:\/\/pizzaioloscoffee.com\/en\/wp-json\/wp\/v2\/pages\/120\/revisions\/404"}],"wp:attachment":[{"href":"https:\/\/pizzaioloscoffee.com\/en\/wp-json\/wp\/v2\/media?parent=120"}],"curies":[{"name":"wp","href":"https:\/\/api.w.org\/{rel}","templated":true}]}}